{"id":2610,"date":"2025-12-31T11:22:11","date_gmt":"2025-12-31T10:22:11","guid":{"rendered":"https:\/\/scarandwonder.com\/?post_type=product&#038;p=2610"},"modified":"2025-12-31T19:11:50","modified_gmt":"2025-12-31T18:11:50","slug":"rough-giant-bowl-a10v92","status":"publish","type":"product","link":"https:\/\/scarandwonder.com\/pl\/shop\/vanguard\/rough-giant-bowl-a10v92","title":{"rendered":"Rough Giant Bowl A10V92"},"content":{"rendered":"<p><br \/><br \/>Rough Giant Bowl to jeden z trzech masywnych obiekt\u00f3w wi\u0105zowych (<a href=\"https:\/\/scarandwonder.com\/pl\/shop\/vanguard\/rough-giant-bowl-a10v92\/\">A10V92<\/a>, <a href=\"https:\/\/scarandwonder.com\/pl\/shop\/vanguard\/classic-bowl-a10v93\/\">A10V93<\/a>, <a href=\"https:\/\/scarandwonder.com\/pl\/shop\/vanguard\/natural-giant-bowl-a10v63\/\">A10V63<\/a>) z kolekcji Vanguard, r\u0119cznie toczony z niezwyk\u0142ego pnia o obecnej \u015brednicy 57 cm. Wystawiony jako grupa na \u201e100 Objects (2025)\u201d i \u201eStation To Station (2025)\u201d, niesie surow\u0105, nie wyko\u0144czon\u0105 moc \u2013 obecnie oznaczony jako &#8216;work in progress&#8217;, by zaprosi\u0107 do ewolucji, lecz z ka\u017cdym dniem coraz mocniej wierzymy, \u017ce powinien pozosta\u0107 szorstki i bez wyko\u0144czenia, \u015bmiele stawiaj\u0105c czo\u0142a czasowi jak pradawne drzewa, z kt\u00f3rych powsta\u0142. Jego solidna masa i celowy brak polerki celebruj\u0105 naturalne skazy, p\u0119kni\u0119cia i tekstury drewna, tworz\u0105c monumentaln\u0105, rze\u017abiarsk\u0105 obecno\u015b\u0107 budz\u0105c\u0105 szacunek w ka\u017cdej przestrzeni. Mo\u017ce by\u0107 dostosowany dla przysz\u0142ego opiekuna, \u017cyj\u0105c jako czysta sztuka, geologiczny statement lub rozleg\u0142e naczynie na znacz\u0105ce spotkania \u017cycia.<\/p>\n<p>W Scar &amp; Wonder pracujemy z drewnem porzuconym i odzyskanym. Ka\u017cdy fragment to odkrywanie nowych tajemnic, to nieprzewidywalno\u015b\u0107 wp\u0142ywaj\u0105ca na form\u0119 oraz niepowtarzalne skazy \u2014 pe\u0142ne uroku p\u0119kni\u0119cia, ubytki, wykr\u0119cenia i tekstury. Ka\u017cdy z obiekt\u00f3w Scar &amp; Wonder jest unikalny \u2014 istnieje tylko jeden i jest opatrzony swoj\u0105 indywidualn\u0105, r\u0119cznie wybit\u0105 sygnatur\u0105. Do ka\u017cdego obiektu z kolekcji Vanguard otrzymasz niepowtarzaln\u0105 Ksi\u0119g\u0119 Pochodzenia, kt\u00f3ra dokumentuje jego histori\u0119 \u2014 od drewna z kt\u00f3rego powsta\u0142, poprzez proces, a\u017c po detale wyko\u0144czenia. Ta ksi\u0119ga to pocz\u0105tek nowego \u017cycia \u2014 miejsce, w kt\u00f3rym Ty wyrazisz intencj\u0119 przejmuj\u0105c nad nim opiek\u0119, a tak\u017ce gdzie dopiszesz kolejne rozdzia\u0142y, nadaj\u0105c mu sens. W ten spos\u00f3b wsp\u00f3lnie budujemy warto\u015b\u0107 \u2014 sentymentaln\u0105, emocjonaln\u0105 i finansow\u0105, opowiadaj\u0105c si\u0119 przeciwko bezrefleksyjnej konsumpcji, a g\u0142osuj\u0105c za \u015bwiatem, gdzie trwa\u0142o\u015b\u0107 i sens s\u0105 istotniejsze ni\u017c blichtr czy ulotny powiew nowo\u015bci dyktowany w\u0142a\u015bnie wylansowan\u0105 mod\u0105.<br \/><\/p>","protected":false},"excerpt":{"rendered":"<p>Rough Giant Bowl A10V92, Elm, Diameter: 57, Height: 20<\/p>","protected":false},"featured_media":0,"template":"","meta":[],"product_brand":[],"product_cat":[30],"product_tag":[],"class_list":{"0":"post-2610","1":"product","2":"type-product","3":"status-publish","5":"product_cat-vanguard","6":"pa_diameter-124","7":"pa_wood-elm","9":"first","10":"instock","11":"sold-individually","12":"taxable","13":"shipping-taxable","14":"product-type-simple"},"yoast_head":"<!-- This site is optimized with the Yoast SEO plugin v27.4 - https:\/\/yoast.com\/product\/yoast-seo-wordpress\/ -->\n<title>Rough Giant Bowl A10V92 &#8212; Scar &amp; Wonder<\/title>\n<meta name=\"description\" content=\"Unique Rough Giant Bowl (A10V92) made of Elm Log, Dimensions 57u00d720 (cm).\" \/>\n<meta name=\"robots\" content=\"index, follow, max-snippet:-1, max-image-preview:large, max-video-preview:-1\" \/>\n<link rel=\"canonical\" href=\"https:\/\/scarandwonder.com\/pl\/shop\/vanguard\/rough-giant-bowl-a10v92\/\" \/>\n<meta property=\"og:locale\" content=\"pl_PL\" \/>\n<meta property=\"og:type\" content=\"article\" \/>\n<meta property=\"og:title\" content=\"Rough Giant Bowl A10V92 &#8212; Scar &amp; Wonder\" \/>\n<meta property=\"og:description\" content=\"Unique Rough Giant Bowl (A10V92) made of Elm Log, Dimensions 57u00d720 (cm).\" \/>\n<meta property=\"og:url\" content=\"https:\/\/scarandwonder.com\/pl\/shop\/vanguard\/rough-giant-bowl-a10v92\/\" \/>\n<meta property=\"og:site_name\" content=\"Scar &amp; Wonder\" \/>\n<meta property=\"article:publisher\" content=\"https:\/\/pl.pinterest.com\/scarandwonder\/\" \/>\n<meta property=\"article:modified_time\" content=\"2025-12-31T18:11:50+00:00\" \/>\n<meta property=\"og:image\" content=\"https:\/\/scarandwonder.com\/wp-content\/uploads\/2025\/10\/ScarAndWonder_Noir_dor_01_20250922-75-A10V77.jpg\" \/>\n\t<meta property=\"og:image:width\" content=\"1920\" \/>\n\t<meta property=\"og:image:height\" content=\"1280\" \/>\n\t<meta property=\"og:image:type\" content=\"image\/jpeg\" \/>\n<meta name=\"twitter:card\" content=\"summary_large_image\" \/>\n<meta name=\"twitter:label1\" content=\"Szacowany czas czytania\" \/>\n\t<meta name=\"twitter:data1\" content=\"3 minuty\" \/>\n<script type=\"application\/ld+json\" class=\"yoast-schema-graph\">{\"@context\":\"https:\\\/\\\/schema.org\",\"@graph\":[{\"@type\":\"WebPage\",\"@id\":\"https:\\\/\\\/scarandwonder.com\\\/shop\\\/vanguard\\\/rough-giant-bowl-a10v92\",\"url\":\"https:\\\/\\\/scarandwonder.com\\\/shop\\\/vanguard\\\/rough-giant-bowl-a10v92\",\"name\":\"Rough Giant Bowl A10V92 &#8212; Scar &amp; Wonder\",\"isPartOf\":{\"@id\":\"https:\\\/\\\/scarandwonder.com\\\/#website\"},\"datePublished\":\"2025-12-31T10:22:11+00:00\",\"dateModified\":\"2025-12-31T18:11:50+00:00\",\"description\":\"Unique Rough Giant Bowl (A10V92) made of Elm Log, Dimensions 57u00d720 (cm).\",\"breadcrumb\":{\"@id\":\"https:\\\/\\\/scarandwonder.com\\\/shop\\\/vanguard\\\/rough-giant-bowl-a10v92#breadcrumb\"},\"inLanguage\":\"pl-PL\",\"potentialAction\":[{\"@type\":\"ReadAction\",\"target\":[\"https:\\\/\\\/scarandwonder.com\\\/shop\\\/vanguard\\\/rough-giant-bowl-a10v92\"]}]},{\"@type\":\"BreadcrumbList\",\"@id\":\"https:\\\/\\\/scarandwonder.com\\\/shop\\\/vanguard\\\/rough-giant-bowl-a10v92#breadcrumb\",\"itemListElement\":[{\"@type\":\"ListItem\",\"position\":1,\"name\":\"Home\",\"item\":\"https:\\\/\\\/scarandwonder.com\\\/\"},{\"@type\":\"ListItem\",\"position\":2,\"name\":\"Objects\",\"item\":\"https:\\\/\\\/scarandwonder.com\\\/objects\"},{\"@type\":\"ListItem\",\"position\":3,\"name\":\"Rough Giant Bowl A10V92\"}]},{\"@type\":\"WebSite\",\"@id\":\"https:\\\/\\\/scarandwonder.com\\\/#website\",\"url\":\"https:\\\/\\\/scarandwonder.com\\\/\",\"name\":\"Scar & Wonder\",\"description\":\"Scar marks our wood. Wonder shapes its soul.\",\"publisher\":{\"@id\":\"https:\\\/\\\/scarandwonder.com\\\/#organization\"},\"alternateName\":\"S&W\",\"potentialAction\":[{\"@type\":\"SearchAction\",\"target\":{\"@type\":\"EntryPoint\",\"urlTemplate\":\"https:\\\/\\\/scarandwonder.com\\\/?s={search_term_string}\"},\"query-input\":{\"@type\":\"PropertyValueSpecification\",\"valueRequired\":true,\"valueName\":\"search_term_string\"}}],\"inLanguage\":\"pl-PL\"},{\"@type\":\"Organization\",\"@id\":\"https:\\\/\\\/scarandwonder.com\\\/#organization\",\"name\":\"Scar & Wonder\",\"alternateName\":\"S&W\",\"url\":\"https:\\\/\\\/scarandwonder.com\\\/\",\"logo\":{\"@type\":\"ImageObject\",\"inLanguage\":\"pl-PL\",\"@id\":\"https:\\\/\\\/scarandwonder.com\\\/#\\\/schema\\\/logo\\\/image\\\/\",\"url\":\"https:\\\/\\\/scarandwonder.com\\\/wp-content\\\/uploads\\\/2025\\\/10\\\/SW_Logo_Black_Circle_L_1024.png\",\"contentUrl\":\"https:\\\/\\\/scarandwonder.com\\\/wp-content\\\/uploads\\\/2025\\\/10\\\/SW_Logo_Black_Circle_L_1024.png\",\"width\":1024,\"height\":1024,\"caption\":\"Scar & Wonder\"},\"image\":{\"@id\":\"https:\\\/\\\/scarandwonder.com\\\/#\\\/schema\\\/logo\\\/image\\\/\"},\"sameAs\":[\"https:\\\/\\\/pl.pinterest.com\\\/scarandwonder\\\/\"]}]}<\/script>\n<!-- \/ Yoast SEO plugin. -->","yoast_head_json":{"title":"Rough Giant Bowl A10V92 &#8212; Scar &amp; Wonder","description":"Unique Rough Giant Bowl (A10V92) made of Elm Log, Dimensions 57u00d720 (cm).","robots":{"index":"index","follow":"follow","max-snippet":"max-snippet:-1","max-image-preview":"max-image-preview:large","max-video-preview":"max-video-preview:-1"},"canonical":"https:\/\/scarandwonder.com\/pl\/shop\/vanguard\/rough-giant-bowl-a10v92\/","og_locale":"pl_PL","og_type":"article","og_title":"Rough Giant Bowl A10V92 &#8212; Scar &amp; Wonder","og_description":"Unique Rough Giant Bowl (A10V92) made of Elm Log, Dimensions 57u00d720 (cm).","og_url":"https:\/\/scarandwonder.com\/pl\/shop\/vanguard\/rough-giant-bowl-a10v92\/","og_site_name":"Scar &amp; Wonder","article_publisher":"https:\/\/pl.pinterest.com\/scarandwonder\/","article_modified_time":"2025-12-31T18:11:50+00:00","og_image":[{"width":1920,"height":1280,"url":"https:\/\/scarandwonder.com\/wp-content\/uploads\/2025\/10\/ScarAndWonder_Noir_dor_01_20250922-75-A10V77.jpg","type":"image\/jpeg"}],"twitter_card":"summary_large_image","twitter_misc":{"Szacowany czas czytania":"3 minuty"},"schema":{"@context":"https:\/\/schema.org","@graph":[{"@type":"WebPage","@id":"https:\/\/scarandwonder.com\/shop\/vanguard\/rough-giant-bowl-a10v92","url":"https:\/\/scarandwonder.com\/shop\/vanguard\/rough-giant-bowl-a10v92","name":"Rough Giant Bowl A10V92 &#8212; Scar &amp; Wonder","isPartOf":{"@id":"https:\/\/scarandwonder.com\/#website"},"datePublished":"2025-12-31T10:22:11+00:00","dateModified":"2025-12-31T18:11:50+00:00","description":"Unique Rough Giant Bowl (A10V92) made of Elm Log, Dimensions 57u00d720 (cm).","breadcrumb":{"@id":"https:\/\/scarandwonder.com\/shop\/vanguard\/rough-giant-bowl-a10v92#breadcrumb"},"inLanguage":"pl-PL","potentialAction":[{"@type":"ReadAction","target":["https:\/\/scarandwonder.com\/shop\/vanguard\/rough-giant-bowl-a10v92"]}]},{"@type":"BreadcrumbList","@id":"https:\/\/scarandwonder.com\/shop\/vanguard\/rough-giant-bowl-a10v92#breadcrumb","itemListElement":[{"@type":"ListItem","position":1,"name":"Home","item":"https:\/\/scarandwonder.com\/"},{"@type":"ListItem","position":2,"name":"Objects","item":"https:\/\/scarandwonder.com\/objects"},{"@type":"ListItem","position":3,"name":"Rough Giant Bowl A10V92"}]},{"@type":"WebSite","@id":"https:\/\/scarandwonder.com\/#website","url":"https:\/\/scarandwonder.com\/","name":"Scar & Wonder","description":"Scar marks our wood. Wonder shapes its soul.","publisher":{"@id":"https:\/\/scarandwonder.com\/#organization"},"alternateName":"S&W","potentialAction":[{"@type":"SearchAction","target":{"@type":"EntryPoint","urlTemplate":"https:\/\/scarandwonder.com\/?s={search_term_string}"},"query-input":{"@type":"PropertyValueSpecification","valueRequired":true,"valueName":"search_term_string"}}],"inLanguage":"pl-PL"},{"@type":"Organization","@id":"https:\/\/scarandwonder.com\/#organization","name":"Scar & Wonder","alternateName":"S&W","url":"https:\/\/scarandwonder.com\/","logo":{"@type":"ImageObject","inLanguage":"pl-PL","@id":"https:\/\/scarandwonder.com\/#\/schema\/logo\/image\/","url":"https:\/\/scarandwonder.com\/wp-content\/uploads\/2025\/10\/SW_Logo_Black_Circle_L_1024.png","contentUrl":"https:\/\/scarandwonder.com\/wp-content\/uploads\/2025\/10\/SW_Logo_Black_Circle_L_1024.png","width":1024,"height":1024,"caption":"Scar & Wonder"},"image":{"@id":"https:\/\/scarandwonder.com\/#\/schema\/logo\/image\/"},"sameAs":["https:\/\/pl.pinterest.com\/scarandwonder\/"]}]}},"jetpack_sharing_enabled":true,"_links":{"self":[{"href":"https:\/\/scarandwonder.com\/pl\/wp-json\/wp\/v2\/product\/2610","targetHints":{"allow":["GET"]}}],"collection":[{"href":"https:\/\/scarandwonder.com\/pl\/wp-json\/wp\/v2\/product"}],"about":[{"href":"https:\/\/scarandwonder.com\/pl\/wp-json\/wp\/v2\/types\/product"}],"version-history":[{"count":3,"href":"https:\/\/scarandwonder.com\/pl\/wp-json\/wp\/v2\/product\/2610\/revisions"}],"predecessor-version":[{"id":2801,"href":"https:\/\/scarandwonder.com\/pl\/wp-json\/wp\/v2\/product\/2610\/revisions\/2801"}],"wp:attachment":[{"href":"https:\/\/scarandwonder.com\/pl\/wp-json\/wp\/v2\/media?parent=2610"}],"wp:term":[{"taxonomy":"product_brand","embeddable":true,"href":"https:\/\/scarandwonder.com\/pl\/wp-json\/wp\/v2\/product_brand?post=2610"},{"taxonomy":"product_cat","embeddable":true,"href":"https:\/\/scarandwonder.com\/pl\/wp-json\/wp\/v2\/product_cat?post=2610"},{"taxonomy":"product_tag","embeddable":true,"href":"https:\/\/scarandwonder.com\/pl\/wp-json\/wp\/v2\/product_tag?post=2610"}],"curies":[{"name":"wp","href":"https:\/\/api.w.org\/{rel}","templated":true}]}}