{"id":2617,"date":"2025-12-31T11:22:15","date_gmt":"2025-12-31T10:22:15","guid":{"rendered":"https:\/\/scarandwonder.com\/?post_type=product&#038;p=2617"},"modified":"2025-12-31T19:59:07","modified_gmt":"2025-12-31T18:59:07","slug":"raven-black-platter-a12r96","status":"publish","type":"product","link":"https:\/\/scarandwonder.com\/pl\/shop\/resonance\/raven-black-platter-a12r96","title":{"rendered":"Raven Black Platter A12R96"},"content":{"rendered":"<p class=\"my-2 [&amp;+p]:mt-4 [&amp;_strong:has(+br)]:inline-block [&amp;_strong:has(+br)]:pb-2\"><br \/><br \/>Raven Black &#8220;Hex&#8221; Platter to odwa\u017cna, tajemnicza patera z kolekcji Resonance, r\u0119cznie wytoczona z pnia starego wi\u0105zu o \u015brednicy 45 cm. Jej wyko\u0144czenie Raven Black \u2013 dzi\u0119ki g\u0142\u0119bokiemu paleniu i czernieniu prastarymi metodami \u2013 wnosi ponadczasowo\u015b\u0107 i wyra\u017any statement, z nieregularnym zewn\u0119trznym kszta\u0142tem &#8220;hexagonalnym&#8221;, wyra\u017anym rysunkiem s\u0142oj\u00f3w z g\u0142\u0119bokimi \u017c\u0142obieniami, wkl\u0119s\u0142ym s\u0119kiem na zewn\u0105trz i pozosta\u0142o\u015bciami naturalnej kory tworz\u0105cymi dramatyczn\u0105, pozaziemsk\u0105 obecno\u015b\u0107. &#8220;Whoooah&#8221;!. Idealna jako rze\u017abiarski akcent we wn\u0119trzu, dzie\u0142o sztuki pe\u0142ne sensu bez funkcji, lub t\u0142o do wyeksponowania bi\u017cuterii, literatury czy dobrej butelki wina. Jeszcze nie by\u0142a na wystawach (Grudzie\u0144 2025), ale z pewno\u015bci\u0105 zwiedzi kawa\u0142ek \u015bwiata.<\/p>\n<p class=\"my-2 [&amp;+p]:mt-4 [&amp;_strong:has(+br)]:inline-block [&amp;_strong:has(+br)]:pb-2\">Kolekcja Resonance to nasza &#8220;\u015brednia p\u00f3\u0142ka&#8221; \u2014 pomi\u0119dzy codzienno\u015bci\u0105 i funkcjonalno\u015bci\u0105 kolekcji Journey a bezkompromisow\u0105 odwag\u0105 kolekcji Vanguard. To po\u0142\u0105czenie (nieobowi\u0105zkowej) funkcjonalno\u015bci z odrobin\u0105 rze\u017abiarskiej formy. W Scar &amp; Wonder pracujemy z drewnem porzuconym i odzyskanym. Ka\u017cdy fragment to odkrywanie nowych tajemnic, to nieprzewidywalno\u015b\u0107 wp\u0142ywaj\u0105ca na form\u0119 oraz niepowtarzalne skazy \u2014 pe\u0142ne uroku p\u0119kni\u0119cia, ubytki, wykr\u0119cenia i tekstury. Ka\u017cdy z obiekt\u00f3w Scar &amp; Wonder jest unikalny \u2014 istnieje tylko jeden i jest opatrzony swoj\u0105 indywidualn\u0105, r\u0119cznie wybit\u0105 sygnatur\u0105. Przejmuj\u0105c w opiek\u0119 obiekty Scar &amp; Wonder opowiadasz si\u0119 przeciwko bezrefleksyjnej konsumpcji, g\u0142osuj\u0105c za \u015bwiatem, gdzie trwa\u0142o\u015b\u0107 i sens s\u0105 istotniejsze ni\u017c blichtr czy ulotny powiew nowo\u015bci dyktowany w\u0142a\u015bnie wylansowan\u0105 mod\u0105.<br \/><\/p>\n","protected":false},"excerpt":{"rendered":"<p>Raven Black Platter A12R96, Elm, Diameter: 45, Height: 10<\/p>","protected":false},"featured_media":2757,"template":"","meta":[],"product_brand":[],"product_cat":[102,19],"product_tag":[],"class_list":{"0":"post-2617","1":"product","2":"type-product","3":"status-publish","4":"has-post-thumbnail","6":"product_cat-featured","7":"product_cat-resonance","8":"pa_diameter-65","9":"pa_wood-elm","11":"first","12":"instock","13":"featured","14":"sold-individually","15":"taxable","16":"shipping-taxable","17":"purchasable","18":"product-type-simple"},"yoast_head":"<!-- This site is optimized with the Yoast SEO plugin v27.4 - https:\/\/yoast.com\/product\/yoast-seo-wordpress\/ -->\n<title>Raven Black Platter A12R96 &#8212; Scar &amp; Wonder<\/title>\n<meta name=\"description\" content=\"Unique Raven Black Platter (A12R96) made of Elm Log, Dimensions 45u00d710 (cm).\" \/>\n<meta name=\"robots\" content=\"index, follow, max-snippet:-1, max-image-preview:large, max-video-preview:-1\" \/>\n<link rel=\"canonical\" href=\"https:\/\/scarandwonder.com\/pl\/shop\/resonance\/raven-black-platter-a12r96\/\" \/>\n<meta property=\"og:locale\" content=\"pl_PL\" \/>\n<meta property=\"og:type\" content=\"article\" \/>\n<meta property=\"og:title\" content=\"Raven Black Platter A12R96 &#8212; Scar &amp; Wonder\" \/>\n<meta property=\"og:description\" content=\"Unique Raven Black Platter (A12R96) made of Elm Log, Dimensions 45u00d710 (cm).\" \/>\n<meta property=\"og:url\" content=\"https:\/\/scarandwonder.com\/pl\/shop\/resonance\/raven-black-platter-a12r96\/\" \/>\n<meta property=\"og:site_name\" content=\"Scar &amp; Wonder\" \/>\n<meta property=\"article:publisher\" content=\"https:\/\/pl.pinterest.com\/scarandwonder\/\" \/>\n<meta property=\"article:modified_time\" content=\"2025-12-31T18:59:07+00:00\" \/>\n<meta property=\"og:image\" content=\"https:\/\/scarandwonder.com\/wp-content\/uploads\/2025\/12\/A12R96-20251214_studio_Y4A0146.jpg\" \/>\n\t<meta property=\"og:image:width\" content=\"1920\" \/>\n\t<meta property=\"og:image:height\" content=\"1280\" \/>\n\t<meta property=\"og:image:type\" content=\"image\/jpeg\" \/>\n<meta name=\"twitter:card\" content=\"summary_large_image\" \/>\n<meta name=\"twitter:label1\" content=\"Szacowany czas czytania\" \/>\n\t<meta name=\"twitter:data1\" content=\"3 minuty\" \/>\n<script type=\"application\/ld+json\" class=\"yoast-schema-graph\">{\"@context\":\"https:\\\/\\\/schema.org\",\"@graph\":[{\"@type\":\"WebPage\",\"@id\":\"https:\\\/\\\/scarandwonder.com\\\/shop\\\/resonance\\\/raven-black-platter-a12r96\",\"url\":\"https:\\\/\\\/scarandwonder.com\\\/shop\\\/resonance\\\/raven-black-platter-a12r96\",\"name\":\"Raven Black Platter A12R96 &#8212; Scar &amp; Wonder\",\"isPartOf\":{\"@id\":\"https:\\\/\\\/scarandwonder.com\\\/#website\"},\"primaryImageOfPage\":{\"@id\":\"https:\\\/\\\/scarandwonder.com\\\/shop\\\/resonance\\\/raven-black-platter-a12r96#primaryimage\"},\"image\":{\"@id\":\"https:\\\/\\\/scarandwonder.com\\\/shop\\\/resonance\\\/raven-black-platter-a12r96#primaryimage\"},\"thumbnailUrl\":\"https:\\\/\\\/scarandwonder.com\\\/wp-content\\\/uploads\\\/2025\\\/12\\\/A12R96-20251214_studio_Y4A0146.jpg\",\"datePublished\":\"2025-12-31T10:22:15+00:00\",\"dateModified\":\"2025-12-31T18:59:07+00:00\",\"description\":\"Unique Raven Black Platter (A12R96) made of Elm Log, Dimensions 45u00d710 (cm).\",\"breadcrumb\":{\"@id\":\"https:\\\/\\\/scarandwonder.com\\\/shop\\\/resonance\\\/raven-black-platter-a12r96#breadcrumb\"},\"inLanguage\":\"pl-PL\",\"potentialAction\":[{\"@type\":\"ReadAction\",\"target\":[\"https:\\\/\\\/scarandwonder.com\\\/shop\\\/resonance\\\/raven-black-platter-a12r96\"]}]},{\"@type\":\"ImageObject\",\"inLanguage\":\"pl-PL\",\"@id\":\"https:\\\/\\\/scarandwonder.com\\\/shop\\\/resonance\\\/raven-black-platter-a12r96#primaryimage\",\"url\":\"https:\\\/\\\/scarandwonder.com\\\/wp-content\\\/uploads\\\/2025\\\/12\\\/A12R96-20251214_studio_Y4A0146.jpg\",\"contentUrl\":\"https:\\\/\\\/scarandwonder.com\\\/wp-content\\\/uploads\\\/2025\\\/12\\\/A12R96-20251214_studio_Y4A0146.jpg\",\"width\":1920,\"height\":1280},{\"@type\":\"BreadcrumbList\",\"@id\":\"https:\\\/\\\/scarandwonder.com\\\/shop\\\/resonance\\\/raven-black-platter-a12r96#breadcrumb\",\"itemListElement\":[{\"@type\":\"ListItem\",\"position\":1,\"name\":\"Home\",\"item\":\"https:\\\/\\\/scarandwonder.com\\\/\"},{\"@type\":\"ListItem\",\"position\":2,\"name\":\"Objects\",\"item\":\"https:\\\/\\\/scarandwonder.com\\\/objects\"},{\"@type\":\"ListItem\",\"position\":3,\"name\":\"Raven Black Platter A12R96\"}]},{\"@type\":\"WebSite\",\"@id\":\"https:\\\/\\\/scarandwonder.com\\\/#website\",\"url\":\"https:\\\/\\\/scarandwonder.com\\\/\",\"name\":\"Scar & Wonder\",\"description\":\"Scar marks our wood. Wonder shapes its soul.\",\"publisher\":{\"@id\":\"https:\\\/\\\/scarandwonder.com\\\/#organization\"},\"alternateName\":\"S&W\",\"potentialAction\":[{\"@type\":\"SearchAction\",\"target\":{\"@type\":\"EntryPoint\",\"urlTemplate\":\"https:\\\/\\\/scarandwonder.com\\\/?s={search_term_string}\"},\"query-input\":{\"@type\":\"PropertyValueSpecification\",\"valueRequired\":true,\"valueName\":\"search_term_string\"}}],\"inLanguage\":\"pl-PL\"},{\"@type\":\"Organization\",\"@id\":\"https:\\\/\\\/scarandwonder.com\\\/#organization\",\"name\":\"Scar & Wonder\",\"alternateName\":\"S&W\",\"url\":\"https:\\\/\\\/scarandwonder.com\\\/\",\"logo\":{\"@type\":\"ImageObject\",\"inLanguage\":\"pl-PL\",\"@id\":\"https:\\\/\\\/scarandwonder.com\\\/#\\\/schema\\\/logo\\\/image\\\/\",\"url\":\"https:\\\/\\\/scarandwonder.com\\\/wp-content\\\/uploads\\\/2025\\\/10\\\/SW_Logo_Black_Circle_L_1024.png\",\"contentUrl\":\"https:\\\/\\\/scarandwonder.com\\\/wp-content\\\/uploads\\\/2025\\\/10\\\/SW_Logo_Black_Circle_L_1024.png\",\"width\":1024,\"height\":1024,\"caption\":\"Scar & Wonder\"},\"image\":{\"@id\":\"https:\\\/\\\/scarandwonder.com\\\/#\\\/schema\\\/logo\\\/image\\\/\"},\"sameAs\":[\"https:\\\/\\\/pl.pinterest.com\\\/scarandwonder\\\/\"]}]}<\/script>\n<!-- \/ Yoast SEO plugin. -->","yoast_head_json":{"title":"Raven Black Platter A12R96 &#8212; Scar &amp; Wonder","description":"Unique Raven Black Platter (A12R96) made of Elm Log, Dimensions 45u00d710 (cm).","robots":{"index":"index","follow":"follow","max-snippet":"max-snippet:-1","max-image-preview":"max-image-preview:large","max-video-preview":"max-video-preview:-1"},"canonical":"https:\/\/scarandwonder.com\/pl\/shop\/resonance\/raven-black-platter-a12r96\/","og_locale":"pl_PL","og_type":"article","og_title":"Raven Black Platter A12R96 &#8212; Scar &amp; Wonder","og_description":"Unique Raven Black Platter (A12R96) made of Elm Log, Dimensions 45u00d710 (cm).","og_url":"https:\/\/scarandwonder.com\/pl\/shop\/resonance\/raven-black-platter-a12r96\/","og_site_name":"Scar &amp; Wonder","article_publisher":"https:\/\/pl.pinterest.com\/scarandwonder\/","article_modified_time":"2025-12-31T18:59:07+00:00","og_image":[{"width":1920,"height":1280,"url":"https:\/\/scarandwonder.com\/wp-content\/uploads\/2025\/12\/A12R96-20251214_studio_Y4A0146.jpg","type":"image\/jpeg"}],"twitter_card":"summary_large_image","twitter_misc":{"Szacowany czas czytania":"3 minuty"},"schema":{"@context":"https:\/\/schema.org","@graph":[{"@type":"WebPage","@id":"https:\/\/scarandwonder.com\/shop\/resonance\/raven-black-platter-a12r96","url":"https:\/\/scarandwonder.com\/shop\/resonance\/raven-black-platter-a12r96","name":"Raven Black Platter A12R96 &#8212; Scar &amp; Wonder","isPartOf":{"@id":"https:\/\/scarandwonder.com\/#website"},"primaryImageOfPage":{"@id":"https:\/\/scarandwonder.com\/shop\/resonance\/raven-black-platter-a12r96#primaryimage"},"image":{"@id":"https:\/\/scarandwonder.com\/shop\/resonance\/raven-black-platter-a12r96#primaryimage"},"thumbnailUrl":"https:\/\/scarandwonder.com\/wp-content\/uploads\/2025\/12\/A12R96-20251214_studio_Y4A0146.jpg","datePublished":"2025-12-31T10:22:15+00:00","dateModified":"2025-12-31T18:59:07+00:00","description":"Unique Raven Black Platter (A12R96) made of Elm Log, Dimensions 45u00d710 (cm).","breadcrumb":{"@id":"https:\/\/scarandwonder.com\/shop\/resonance\/raven-black-platter-a12r96#breadcrumb"},"inLanguage":"pl-PL","potentialAction":[{"@type":"ReadAction","target":["https:\/\/scarandwonder.com\/shop\/resonance\/raven-black-platter-a12r96"]}]},{"@type":"ImageObject","inLanguage":"pl-PL","@id":"https:\/\/scarandwonder.com\/shop\/resonance\/raven-black-platter-a12r96#primaryimage","url":"https:\/\/scarandwonder.com\/wp-content\/uploads\/2025\/12\/A12R96-20251214_studio_Y4A0146.jpg","contentUrl":"https:\/\/scarandwonder.com\/wp-content\/uploads\/2025\/12\/A12R96-20251214_studio_Y4A0146.jpg","width":1920,"height":1280},{"@type":"BreadcrumbList","@id":"https:\/\/scarandwonder.com\/shop\/resonance\/raven-black-platter-a12r96#breadcrumb","itemListElement":[{"@type":"ListItem","position":1,"name":"Home","item":"https:\/\/scarandwonder.com\/"},{"@type":"ListItem","position":2,"name":"Objects","item":"https:\/\/scarandwonder.com\/objects"},{"@type":"ListItem","position":3,"name":"Raven Black Platter A12R96"}]},{"@type":"WebSite","@id":"https:\/\/scarandwonder.com\/#website","url":"https:\/\/scarandwonder.com\/","name":"Scar & Wonder","description":"Scar marks our wood. Wonder shapes its soul.","publisher":{"@id":"https:\/\/scarandwonder.com\/#organization"},"alternateName":"S&W","potentialAction":[{"@type":"SearchAction","target":{"@type":"EntryPoint","urlTemplate":"https:\/\/scarandwonder.com\/?s={search_term_string}"},"query-input":{"@type":"PropertyValueSpecification","valueRequired":true,"valueName":"search_term_string"}}],"inLanguage":"pl-PL"},{"@type":"Organization","@id":"https:\/\/scarandwonder.com\/#organization","name":"Scar & Wonder","alternateName":"S&W","url":"https:\/\/scarandwonder.com\/","logo":{"@type":"ImageObject","inLanguage":"pl-PL","@id":"https:\/\/scarandwonder.com\/#\/schema\/logo\/image\/","url":"https:\/\/scarandwonder.com\/wp-content\/uploads\/2025\/10\/SW_Logo_Black_Circle_L_1024.png","contentUrl":"https:\/\/scarandwonder.com\/wp-content\/uploads\/2025\/10\/SW_Logo_Black_Circle_L_1024.png","width":1024,"height":1024,"caption":"Scar & Wonder"},"image":{"@id":"https:\/\/scarandwonder.com\/#\/schema\/logo\/image\/"},"sameAs":["https:\/\/pl.pinterest.com\/scarandwonder\/"]}]}},"jetpack_sharing_enabled":true,"_links":{"self":[{"href":"https:\/\/scarandwonder.com\/pl\/wp-json\/wp\/v2\/product\/2617","targetHints":{"allow":["GET"]}}],"collection":[{"href":"https:\/\/scarandwonder.com\/pl\/wp-json\/wp\/v2\/product"}],"about":[{"href":"https:\/\/scarandwonder.com\/pl\/wp-json\/wp\/v2\/types\/product"}],"version-history":[{"count":3,"href":"https:\/\/scarandwonder.com\/pl\/wp-json\/wp\/v2\/product\/2617\/revisions"}],"predecessor-version":[{"id":2809,"href":"https:\/\/scarandwonder.com\/pl\/wp-json\/wp\/v2\/product\/2617\/revisions\/2809"}],"wp:featuredmedia":[{"embeddable":true,"href":"https:\/\/scarandwonder.com\/pl\/wp-json\/wp\/v2\/media\/2757"}],"wp:attachment":[{"href":"https:\/\/scarandwonder.com\/pl\/wp-json\/wp\/v2\/media?parent=2617"}],"wp:term":[{"taxonomy":"product_brand","embeddable":true,"href":"https:\/\/scarandwonder.com\/pl\/wp-json\/wp\/v2\/product_brand?post=2617"},{"taxonomy":"product_cat","embeddable":true,"href":"https:\/\/scarandwonder.com\/pl\/wp-json\/wp\/v2\/product_cat?post=2617"},{"taxonomy":"product_tag","embeddable":true,"href":"https:\/\/scarandwonder.com\/pl\/wp-json\/wp\/v2\/product_tag?post=2617"}],"curies":[{"name":"wp","href":"https:\/\/api.w.org\/{rel}","templated":true}]}}