{"id":2621,"date":"2025-12-31T11:22:16","date_gmt":"2025-12-31T10:22:16","guid":{"rendered":"https:\/\/scarandwonder.com\/?post_type=product&#038;p=2621"},"modified":"2026-01-01T12:27:20","modified_gmt":"2026-01-01T11:27:20","slug":"natural-bowl-a12r98","status":"publish","type":"product","link":"https:\/\/scarandwonder.com\/pl\/shop\/resonance\/natural-bowl-a12r98","title":{"rendered":"Natural Bowl A12R98"},"content":{"rendered":"<p> <br \/> <br \/>Naturalna misa z kolekcji Resonance, r\u0119cznie toczona z wyj\u0105tkowego pnia wi\u0105zu o \u015brednicy 30 cm, ukazuje ca\u0142kowicie intryguj\u0105cy labirynt s\u0119k\u00f3w i wzor\u00f3w us\u0142ojenia zachowany w surowym, naturalnym wyko\u0144czeniu. Ten wyj\u0105tkowy obiekt celebruje wrodzony charakter drewna bez ingerencji, zapraszaj\u0105c do dotyku i kontemplacji. Idealna na niskie konsole z zebranymi skarbami lub jako taktylny element centralny na sto\u0142ach jadalnych, ozdabiaj\u0105c nowoczesne wn\u0119trza organiczn\u0105 g\u0142\u0119bi\u0105.<\/p>\n<p>Kolekcja Resonance to nasza \u015brednia p\u00f3\u0142ka pomi\u0119dzy codzienno\u015bci\u0105 i funkcjonalno\u015bci\u0105 kolekcji Journey a bezkompromisow\u0105 odwag\u0105 kolekcji Vanguard. To po\u0142\u0105czenie nieobowi\u0105zkowej funkcjonalno\u015bci z odrobin\u0105 rze\u017abiarskiej formy.<\/p>\n<p>W Scar &amp; Wonder pracujemy z drewnem porzuconym i odzyskanym. Ka\u017cdy fragment to odkrywanie nowych tajemnic, to nieprzewidywalno\u015b\u0107 wp\u0142ywaj\u0105ca na form\u0119 oraz niepowtarzalne skazy pe\u0142ne uroku \u2013 p\u0119kni\u0119cia, ubytki, wykr\u0119cenia i tekstury. Ka\u017cdy z obiekt\u00f3w Scar &amp; Wonder jest unikalny \u2013 istnieje tylko jeden i jest opatrzony swoj\u0105 indywidualn\u0105, r\u0119cznie wybitym sygnatur\u0105.<\/p>\n<p>Przejmuj\u0105c w opiek\u0119 obiekty Scar &amp; Wonder opowiadasz si\u0119 przeciwko bezrefleksyjnej konsumpcji, g\u0142osuj\u0105c za \u015bwiatem, gdzie trwa\u0142o\u015b\u0107 i sens s\u0105 istotniejsze ni\u017c blichtr czy ulotny powiew nowo\u015bci dyktowany chwilowo wylansowan\u0105 mod\u0105. <br \/><\/p>","protected":false},"excerpt":{"rendered":"<p>Natural Bowl A12R98, Elm, Diameter: 30, Height: 12<\/p>","protected":false},"featured_media":2744,"template":"","meta":[],"product_brand":[],"product_cat":[19],"product_tag":[],"class_list":{"0":"post-2621","1":"product","2":"type-product","3":"status-publish","4":"has-post-thumbnail","6":"product_cat-resonance","7":"pa_diameter-46","8":"pa_wood-elm","10":"first","11":"instock","12":"sold-individually","13":"taxable","14":"shipping-taxable","15":"purchasable","16":"product-type-simple"},"yoast_head":"<!-- This site is optimized with the Yoast SEO plugin v27.4 - https:\/\/yoast.com\/product\/yoast-seo-wordpress\/ -->\n<title>Natural Bowl A12R98 &#8212; Scar &amp; Wonder<\/title>\n<meta name=\"description\" content=\"Unique Natural Bowl (A12R98) made of Elm Log, Dimensions 30u00d712 (cm).\" \/>\n<meta name=\"robots\" content=\"index, follow, max-snippet:-1, max-image-preview:large, max-video-preview:-1\" \/>\n<link rel=\"canonical\" href=\"https:\/\/scarandwonder.com\/pl\/shop\/resonance\/natural-bowl-a12r98\/\" \/>\n<meta property=\"og:locale\" content=\"pl_PL\" \/>\n<meta property=\"og:type\" content=\"article\" \/>\n<meta property=\"og:title\" content=\"Natural Bowl A12R98 &#8212; Scar &amp; Wonder\" \/>\n<meta property=\"og:description\" content=\"Unique Natural Bowl (A12R98) made of Elm Log, Dimensions 30u00d712 (cm).\" \/>\n<meta property=\"og:url\" content=\"https:\/\/scarandwonder.com\/pl\/shop\/resonance\/natural-bowl-a12r98\/\" \/>\n<meta property=\"og:site_name\" content=\"Scar &amp; Wonder\" \/>\n<meta property=\"article:publisher\" content=\"https:\/\/pl.pinterest.com\/scarandwonder\/\" \/>\n<meta property=\"article:modified_time\" content=\"2026-01-01T11:27:20+00:00\" \/>\n<meta property=\"og:image\" content=\"https:\/\/scarandwonder.com\/wp-content\/uploads\/2025\/12\/A12R98-20251214_studio_Y4A0103.jpg\" \/>\n\t<meta property=\"og:image:width\" content=\"1920\" \/>\n\t<meta property=\"og:image:height\" content=\"1280\" \/>\n\t<meta property=\"og:image:type\" content=\"image\/jpeg\" \/>\n<meta name=\"twitter:card\" content=\"summary_large_image\" \/>\n<meta name=\"twitter:label1\" content=\"Szacowany czas czytania\" \/>\n\t<meta name=\"twitter:data1\" content=\"2 minuty\" \/>\n<script type=\"application\/ld+json\" class=\"yoast-schema-graph\">{\"@context\":\"https:\\\/\\\/schema.org\",\"@graph\":[{\"@type\":\"WebPage\",\"@id\":\"https:\\\/\\\/scarandwonder.com\\\/shop\\\/resonance\\\/natural-bowl-a12r98\",\"url\":\"https:\\\/\\\/scarandwonder.com\\\/shop\\\/resonance\\\/natural-bowl-a12r98\",\"name\":\"Natural Bowl A12R98 &#8212; Scar &amp; Wonder\",\"isPartOf\":{\"@id\":\"https:\\\/\\\/scarandwonder.com\\\/#website\"},\"primaryImageOfPage\":{\"@id\":\"https:\\\/\\\/scarandwonder.com\\\/shop\\\/resonance\\\/natural-bowl-a12r98#primaryimage\"},\"image\":{\"@id\":\"https:\\\/\\\/scarandwonder.com\\\/shop\\\/resonance\\\/natural-bowl-a12r98#primaryimage\"},\"thumbnailUrl\":\"https:\\\/\\\/scarandwonder.com\\\/wp-content\\\/uploads\\\/2025\\\/12\\\/A12R98-20251214_studio_Y4A0103.jpg\",\"datePublished\":\"2025-12-31T10:22:16+00:00\",\"dateModified\":\"2026-01-01T11:27:20+00:00\",\"description\":\"Unique Natural Bowl (A12R98) made of Elm Log, Dimensions 30u00d712 (cm).\",\"breadcrumb\":{\"@id\":\"https:\\\/\\\/scarandwonder.com\\\/shop\\\/resonance\\\/natural-bowl-a12r98#breadcrumb\"},\"inLanguage\":\"pl-PL\",\"potentialAction\":[{\"@type\":\"ReadAction\",\"target\":[\"https:\\\/\\\/scarandwonder.com\\\/shop\\\/resonance\\\/natural-bowl-a12r98\"]}]},{\"@type\":\"ImageObject\",\"inLanguage\":\"pl-PL\",\"@id\":\"https:\\\/\\\/scarandwonder.com\\\/shop\\\/resonance\\\/natural-bowl-a12r98#primaryimage\",\"url\":\"https:\\\/\\\/scarandwonder.com\\\/wp-content\\\/uploads\\\/2025\\\/12\\\/A12R98-20251214_studio_Y4A0103.jpg\",\"contentUrl\":\"https:\\\/\\\/scarandwonder.com\\\/wp-content\\\/uploads\\\/2025\\\/12\\\/A12R98-20251214_studio_Y4A0103.jpg\",\"width\":1920,\"height\":1280},{\"@type\":\"BreadcrumbList\",\"@id\":\"https:\\\/\\\/scarandwonder.com\\\/shop\\\/resonance\\\/natural-bowl-a12r98#breadcrumb\",\"itemListElement\":[{\"@type\":\"ListItem\",\"position\":1,\"name\":\"Home\",\"item\":\"https:\\\/\\\/scarandwonder.com\\\/\"},{\"@type\":\"ListItem\",\"position\":2,\"name\":\"Objects\",\"item\":\"https:\\\/\\\/scarandwonder.com\\\/objects\"},{\"@type\":\"ListItem\",\"position\":3,\"name\":\"Natural Bowl A12R98\"}]},{\"@type\":\"WebSite\",\"@id\":\"https:\\\/\\\/scarandwonder.com\\\/#website\",\"url\":\"https:\\\/\\\/scarandwonder.com\\\/\",\"name\":\"Scar & Wonder\",\"description\":\"Scar marks our wood. Wonder shapes its soul.\",\"publisher\":{\"@id\":\"https:\\\/\\\/scarandwonder.com\\\/#organization\"},\"alternateName\":\"S&W\",\"potentialAction\":[{\"@type\":\"SearchAction\",\"target\":{\"@type\":\"EntryPoint\",\"urlTemplate\":\"https:\\\/\\\/scarandwonder.com\\\/?s={search_term_string}\"},\"query-input\":{\"@type\":\"PropertyValueSpecification\",\"valueRequired\":true,\"valueName\":\"search_term_string\"}}],\"inLanguage\":\"pl-PL\"},{\"@type\":\"Organization\",\"@id\":\"https:\\\/\\\/scarandwonder.com\\\/#organization\",\"name\":\"Scar & Wonder\",\"alternateName\":\"S&W\",\"url\":\"https:\\\/\\\/scarandwonder.com\\\/\",\"logo\":{\"@type\":\"ImageObject\",\"inLanguage\":\"pl-PL\",\"@id\":\"https:\\\/\\\/scarandwonder.com\\\/#\\\/schema\\\/logo\\\/image\\\/\",\"url\":\"https:\\\/\\\/scarandwonder.com\\\/wp-content\\\/uploads\\\/2025\\\/10\\\/SW_Logo_Black_Circle_L_1024.png\",\"contentUrl\":\"https:\\\/\\\/scarandwonder.com\\\/wp-content\\\/uploads\\\/2025\\\/10\\\/SW_Logo_Black_Circle_L_1024.png\",\"width\":1024,\"height\":1024,\"caption\":\"Scar & Wonder\"},\"image\":{\"@id\":\"https:\\\/\\\/scarandwonder.com\\\/#\\\/schema\\\/logo\\\/image\\\/\"},\"sameAs\":[\"https:\\\/\\\/pl.pinterest.com\\\/scarandwonder\\\/\"]}]}<\/script>\n<!-- \/ Yoast SEO plugin. -->","yoast_head_json":{"title":"Natural Bowl A12R98 &#8212; Scar &amp; Wonder","description":"Unique Natural Bowl (A12R98) made of Elm Log, Dimensions 30u00d712 (cm).","robots":{"index":"index","follow":"follow","max-snippet":"max-snippet:-1","max-image-preview":"max-image-preview:large","max-video-preview":"max-video-preview:-1"},"canonical":"https:\/\/scarandwonder.com\/pl\/shop\/resonance\/natural-bowl-a12r98\/","og_locale":"pl_PL","og_type":"article","og_title":"Natural Bowl A12R98 &#8212; Scar &amp; Wonder","og_description":"Unique Natural Bowl (A12R98) made of Elm Log, Dimensions 30u00d712 (cm).","og_url":"https:\/\/scarandwonder.com\/pl\/shop\/resonance\/natural-bowl-a12r98\/","og_site_name":"Scar &amp; Wonder","article_publisher":"https:\/\/pl.pinterest.com\/scarandwonder\/","article_modified_time":"2026-01-01T11:27:20+00:00","og_image":[{"width":1920,"height":1280,"url":"https:\/\/scarandwonder.com\/wp-content\/uploads\/2025\/12\/A12R98-20251214_studio_Y4A0103.jpg","type":"image\/jpeg"}],"twitter_card":"summary_large_image","twitter_misc":{"Szacowany czas czytania":"2 minuty"},"schema":{"@context":"https:\/\/schema.org","@graph":[{"@type":"WebPage","@id":"https:\/\/scarandwonder.com\/shop\/resonance\/natural-bowl-a12r98","url":"https:\/\/scarandwonder.com\/shop\/resonance\/natural-bowl-a12r98","name":"Natural Bowl A12R98 &#8212; Scar &amp; Wonder","isPartOf":{"@id":"https:\/\/scarandwonder.com\/#website"},"primaryImageOfPage":{"@id":"https:\/\/scarandwonder.com\/shop\/resonance\/natural-bowl-a12r98#primaryimage"},"image":{"@id":"https:\/\/scarandwonder.com\/shop\/resonance\/natural-bowl-a12r98#primaryimage"},"thumbnailUrl":"https:\/\/scarandwonder.com\/wp-content\/uploads\/2025\/12\/A12R98-20251214_studio_Y4A0103.jpg","datePublished":"2025-12-31T10:22:16+00:00","dateModified":"2026-01-01T11:27:20+00:00","description":"Unique Natural Bowl (A12R98) made of Elm Log, Dimensions 30u00d712 (cm).","breadcrumb":{"@id":"https:\/\/scarandwonder.com\/shop\/resonance\/natural-bowl-a12r98#breadcrumb"},"inLanguage":"pl-PL","potentialAction":[{"@type":"ReadAction","target":["https:\/\/scarandwonder.com\/shop\/resonance\/natural-bowl-a12r98"]}]},{"@type":"ImageObject","inLanguage":"pl-PL","@id":"https:\/\/scarandwonder.com\/shop\/resonance\/natural-bowl-a12r98#primaryimage","url":"https:\/\/scarandwonder.com\/wp-content\/uploads\/2025\/12\/A12R98-20251214_studio_Y4A0103.jpg","contentUrl":"https:\/\/scarandwonder.com\/wp-content\/uploads\/2025\/12\/A12R98-20251214_studio_Y4A0103.jpg","width":1920,"height":1280},{"@type":"BreadcrumbList","@id":"https:\/\/scarandwonder.com\/shop\/resonance\/natural-bowl-a12r98#breadcrumb","itemListElement":[{"@type":"ListItem","position":1,"name":"Home","item":"https:\/\/scarandwonder.com\/"},{"@type":"ListItem","position":2,"name":"Objects","item":"https:\/\/scarandwonder.com\/objects"},{"@type":"ListItem","position":3,"name":"Natural Bowl A12R98"}]},{"@type":"WebSite","@id":"https:\/\/scarandwonder.com\/#website","url":"https:\/\/scarandwonder.com\/","name":"Scar & Wonder","description":"Scar marks our wood. Wonder shapes its soul.","publisher":{"@id":"https:\/\/scarandwonder.com\/#organization"},"alternateName":"S&W","potentialAction":[{"@type":"SearchAction","target":{"@type":"EntryPoint","urlTemplate":"https:\/\/scarandwonder.com\/?s={search_term_string}"},"query-input":{"@type":"PropertyValueSpecification","valueRequired":true,"valueName":"search_term_string"}}],"inLanguage":"pl-PL"},{"@type":"Organization","@id":"https:\/\/scarandwonder.com\/#organization","name":"Scar & Wonder","alternateName":"S&W","url":"https:\/\/scarandwonder.com\/","logo":{"@type":"ImageObject","inLanguage":"pl-PL","@id":"https:\/\/scarandwonder.com\/#\/schema\/logo\/image\/","url":"https:\/\/scarandwonder.com\/wp-content\/uploads\/2025\/10\/SW_Logo_Black_Circle_L_1024.png","contentUrl":"https:\/\/scarandwonder.com\/wp-content\/uploads\/2025\/10\/SW_Logo_Black_Circle_L_1024.png","width":1024,"height":1024,"caption":"Scar & Wonder"},"image":{"@id":"https:\/\/scarandwonder.com\/#\/schema\/logo\/image\/"},"sameAs":["https:\/\/pl.pinterest.com\/scarandwonder\/"]}]}},"jetpack_sharing_enabled":true,"_links":{"self":[{"href":"https:\/\/scarandwonder.com\/pl\/wp-json\/wp\/v2\/product\/2621","targetHints":{"allow":["GET"]}}],"collection":[{"href":"https:\/\/scarandwonder.com\/pl\/wp-json\/wp\/v2\/product"}],"about":[{"href":"https:\/\/scarandwonder.com\/pl\/wp-json\/wp\/v2\/types\/product"}],"version-history":[{"count":3,"href":"https:\/\/scarandwonder.com\/pl\/wp-json\/wp\/v2\/product\/2621\/revisions"}],"predecessor-version":[{"id":2833,"href":"https:\/\/scarandwonder.com\/pl\/wp-json\/wp\/v2\/product\/2621\/revisions\/2833"}],"wp:featuredmedia":[{"embeddable":true,"href":"https:\/\/scarandwonder.com\/pl\/wp-json\/wp\/v2\/media\/2744"}],"wp:attachment":[{"href":"https:\/\/scarandwonder.com\/pl\/wp-json\/wp\/v2\/media?parent=2621"}],"wp:term":[{"taxonomy":"product_brand","embeddable":true,"href":"https:\/\/scarandwonder.com\/pl\/wp-json\/wp\/v2\/product_brand?post=2621"},{"taxonomy":"product_cat","embeddable":true,"href":"https:\/\/scarandwonder.com\/pl\/wp-json\/wp\/v2\/product_cat?post=2621"},{"taxonomy":"product_tag","embeddable":true,"href":"https:\/\/scarandwonder.com\/pl\/wp-json\/wp\/v2\/product_tag?post=2621"}],"curies":[{"name":"wp","href":"https:\/\/api.w.org\/{rel}","templated":true}]}}