{"id":2625,"date":"2025-12-31T11:22:16","date_gmt":"2025-12-31T10:22:16","guid":{"rendered":"https:\/\/scarandwonder.com\/?post_type=product&#038;p=2625"},"modified":"2025-12-31T18:20:01","modified_gmt":"2025-12-31T17:20:01","slug":"noir-dor-a12v100","status":"publish","type":"product","link":"https:\/\/scarandwonder.com\/pl\/shop\/vanguard\/noir-dor-a12v100","title":{"rendered":"Noir d&#8217;Or A12V100"},"content":{"rendered":"<br \/>\nNoir d\u2019Or to rze\u017abiarska misa z kolekcji Vanguard, wyrze\u017abiona r\u0119cznie ze starego d\u0119bowego pnia \u2013 siostrzany obiekt wobec A10V78, powsta\u0142y z tego samego pnia. Przy \u015brednicy 48 cm ma niemal geologiczn\u0105 obecno\u015b\u0107, a wyko\u0144czenie \u201eNoir d\u2019Or\u201d zamienia j\u0105 w wyraziste \u201eCzarne Z\u0142oto\u201d i mocny statement w ka\u017cdym wn\u0119trzu. Z zewn\u0105trz powierzchnia jest g\u0142\u0119boko zaczerniona, z ekspresyjnymi \u017c\u0142obieniami prowadzonymi wzd\u0142u\u017c naturalnych deformacji pnia, kt\u00f3re podkre\u015blaj\u0105 jej dramatyczn\u0105, tr\u00f3jwymiarow\u0105 form\u0119. Wn\u0119trze w ciep\u0142ym z\u0142oto\u2013bursztynowym tonie ods\u0142ania szalony rysunek s\u0142oj\u00f3w \u2013 g\u0119ste linie, wiry i przyrosty przecinaj\u0105ce si\u0119 z imponuj\u0105cymi p\u0119kni\u0119ciami oraz wiatrem wyrze\u017abionymi szczelinami, opowiadaj\u0105cymi o latach napi\u0119\u0107, wichur i powolnego trwania. To jubileuszowy, setny obiekt w kolekcji Scar &amp; Wonder (#100), sprawdzony ju\u017c w oczach publiczno\u015bci na wystawach \u201e100 Bowls 2025\u201d i \u201eStation To Station 2025\u201d, gotowy na ci\u0105g dalszy tej historii w nowej przestrzeni.<\/p>\n<p>W Scar &amp; Wonder pracujemy z drewnem porzuconym i odzyskanym. Ka\u017cdy fragment to odkrywanie nowych tajemnic, to nieprzewidywalno\u015b\u0107 wp\u0142ywaj\u0105ca na form\u0119 oraz niepowtarzalne skazy \u2014 pe\u0142ne uroku p\u0119kni\u0119cia, ubytki, wykr\u0119cenia i tekstury. Ka\u017cdy z obiekt\u00f3w Scar &amp; Wonder jest unikalny \u2014 istnieje tylko jeden i jest opatrzony swoj\u0105 indywidualn\u0105, r\u0119cznie wybit\u0105 sygnatur\u0105. Do ka\u017cdego obiektu z kolekcji Vanguard otrzymasz niepowtarzaln\u0105 Ksi\u0119g\u0119 Pochodzenia, kt\u00f3ra dokumentuje jego histori\u0119 \u2014 od drewna z kt\u00f3rego powsta\u0142, poprzez proces, a\u017c po detale wyko\u0144czenia. Ta ksi\u0119ga to pocz\u0105tek nowego \u017cycia \u2014 miejsce, w kt\u00f3rym Ty wyrazisz intencj\u0119 przejmuj\u0105c nad nim opiek\u0119, a tak\u017ce gdzie dopiszesz kolejne rozdzia\u0142y, nadaj\u0105c mu sens. W ten spos\u00f3b wsp\u00f3lnie budujemy warto\u015b\u0107 \u2014 sentymentaln\u0105, emocjonaln\u0105 i finansow\u0105, opowiadaj\u0105c si\u0119 przeciwko bezrefleksyjnej konsumpcji, a g\u0142osuj\u0105c za \u015bwiatem, gdzie trwa\u0142o\u015b\u0107 i sens s\u0105 istotniejsze ni\u017c blichtr czy ulotny powiew nowo\u015bci dyktowany w\u0142a\u015bnie wylansowan\u0105 mod\u0105.<br \/>","protected":false},"excerpt":{"rendered":"<p>Noir d&#8217;Or A12V100, Oak, Diameter: 48, Height: 17<\/p>","protected":false},"featured_media":2732,"template":"","meta":[],"product_brand":[],"product_cat":[102,30],"product_tag":[],"class_list":{"0":"post-2625","1":"product","2":"type-product","3":"status-publish","4":"has-post-thumbnail","6":"product_cat-featured","7":"product_cat-vanguard","8":"pa_diameter-65","9":"pa_exhibition-yes","10":"pa_wood-oak","12":"first","13":"instock","14":"featured","15":"sold-individually","16":"taxable","17":"shipping-taxable","18":"purchasable","19":"product-type-simple"},"yoast_head":"<!-- This site is optimized with the Yoast SEO plugin v27.4 - https:\/\/yoast.com\/product\/yoast-seo-wordpress\/ -->\n<title>Noir d&#039;Or A12V100 &#8212; Scar &amp; Wonder<\/title>\n<meta name=\"description\" content=\"Unique Noir d&#039;Or (A12V100) made of Oak Stump, Dimensions 45u00d717 (cm).\" \/>\n<meta name=\"robots\" content=\"index, follow, max-snippet:-1, max-image-preview:large, max-video-preview:-1\" \/>\n<link rel=\"canonical\" href=\"https:\/\/scarandwonder.com\/pl\/shop\/vanguard\/noir-dor-a12v100\/\" \/>\n<meta property=\"og:locale\" content=\"pl_PL\" \/>\n<meta property=\"og:type\" content=\"article\" \/>\n<meta property=\"og:title\" content=\"Noir d&#039;Or A12V100 &#8212; Scar &amp; Wonder\" \/>\n<meta property=\"og:description\" content=\"Unique Noir d&#039;Or (A12V100) made of Oak Stump, Dimensions 45u00d717 (cm).\" \/>\n<meta property=\"og:url\" content=\"https:\/\/scarandwonder.com\/pl\/shop\/vanguard\/noir-dor-a12v100\/\" \/>\n<meta property=\"og:site_name\" content=\"Scar &amp; Wonder\" \/>\n<meta property=\"article:publisher\" content=\"https:\/\/pl.pinterest.com\/scarandwonder\/\" \/>\n<meta property=\"article:modified_time\" content=\"2025-12-31T17:20:01+00:00\" \/>\n<meta property=\"og:image\" content=\"https:\/\/scarandwonder.com\/wp-content\/uploads\/2025\/12\/A12V100-20251214_studio_Y4A0071.jpg\" \/>\n\t<meta property=\"og:image:width\" content=\"1920\" \/>\n\t<meta property=\"og:image:height\" content=\"1280\" \/>\n\t<meta property=\"og:image:type\" content=\"image\/jpeg\" \/>\n<meta name=\"twitter:card\" content=\"summary_large_image\" \/>\n<meta name=\"twitter:label1\" content=\"Szacowany czas czytania\" \/>\n\t<meta name=\"twitter:data1\" content=\"3 minuty\" \/>\n<script type=\"application\/ld+json\" class=\"yoast-schema-graph\">{\"@context\":\"https:\\\/\\\/schema.org\",\"@graph\":[{\"@type\":\"WebPage\",\"@id\":\"https:\\\/\\\/scarandwonder.com\\\/shop\\\/vanguard\\\/noir-dor-a12v100\",\"url\":\"https:\\\/\\\/scarandwonder.com\\\/shop\\\/vanguard\\\/noir-dor-a12v100\",\"name\":\"Noir d'Or A12V100 &#8212; Scar &amp; Wonder\",\"isPartOf\":{\"@id\":\"https:\\\/\\\/scarandwonder.com\\\/#website\"},\"primaryImageOfPage\":{\"@id\":\"https:\\\/\\\/scarandwonder.com\\\/shop\\\/vanguard\\\/noir-dor-a12v100#primaryimage\"},\"image\":{\"@id\":\"https:\\\/\\\/scarandwonder.com\\\/shop\\\/vanguard\\\/noir-dor-a12v100#primaryimage\"},\"thumbnailUrl\":\"https:\\\/\\\/scarandwonder.com\\\/wp-content\\\/uploads\\\/2025\\\/12\\\/A12V100-20251214_studio_Y4A0071.jpg\",\"datePublished\":\"2025-12-31T10:22:16+00:00\",\"dateModified\":\"2025-12-31T17:20:01+00:00\",\"description\":\"Unique Noir d'Or (A12V100) made of Oak Stump, Dimensions 45u00d717 (cm).\",\"breadcrumb\":{\"@id\":\"https:\\\/\\\/scarandwonder.com\\\/shop\\\/vanguard\\\/noir-dor-a12v100#breadcrumb\"},\"inLanguage\":\"pl-PL\",\"potentialAction\":[{\"@type\":\"ReadAction\",\"target\":[\"https:\\\/\\\/scarandwonder.com\\\/shop\\\/vanguard\\\/noir-dor-a12v100\"]}]},{\"@type\":\"ImageObject\",\"inLanguage\":\"pl-PL\",\"@id\":\"https:\\\/\\\/scarandwonder.com\\\/shop\\\/vanguard\\\/noir-dor-a12v100#primaryimage\",\"url\":\"https:\\\/\\\/scarandwonder.com\\\/wp-content\\\/uploads\\\/2025\\\/12\\\/A12V100-20251214_studio_Y4A0071.jpg\",\"contentUrl\":\"https:\\\/\\\/scarandwonder.com\\\/wp-content\\\/uploads\\\/2025\\\/12\\\/A12V100-20251214_studio_Y4A0071.jpg\",\"width\":1920,\"height\":1280},{\"@type\":\"BreadcrumbList\",\"@id\":\"https:\\\/\\\/scarandwonder.com\\\/shop\\\/vanguard\\\/noir-dor-a12v100#breadcrumb\",\"itemListElement\":[{\"@type\":\"ListItem\",\"position\":1,\"name\":\"Home\",\"item\":\"https:\\\/\\\/scarandwonder.com\\\/\"},{\"@type\":\"ListItem\",\"position\":2,\"name\":\"Objects\",\"item\":\"https:\\\/\\\/scarandwonder.com\\\/objects\"},{\"@type\":\"ListItem\",\"position\":3,\"name\":\"Noir d&#8217;Or A12V100\"}]},{\"@type\":\"WebSite\",\"@id\":\"https:\\\/\\\/scarandwonder.com\\\/#website\",\"url\":\"https:\\\/\\\/scarandwonder.com\\\/\",\"name\":\"Scar & Wonder\",\"description\":\"Scar marks our wood. Wonder shapes its soul.\",\"publisher\":{\"@id\":\"https:\\\/\\\/scarandwonder.com\\\/#organization\"},\"alternateName\":\"S&W\",\"potentialAction\":[{\"@type\":\"SearchAction\",\"target\":{\"@type\":\"EntryPoint\",\"urlTemplate\":\"https:\\\/\\\/scarandwonder.com\\\/?s={search_term_string}\"},\"query-input\":{\"@type\":\"PropertyValueSpecification\",\"valueRequired\":true,\"valueName\":\"search_term_string\"}}],\"inLanguage\":\"pl-PL\"},{\"@type\":\"Organization\",\"@id\":\"https:\\\/\\\/scarandwonder.com\\\/#organization\",\"name\":\"Scar & Wonder\",\"alternateName\":\"S&W\",\"url\":\"https:\\\/\\\/scarandwonder.com\\\/\",\"logo\":{\"@type\":\"ImageObject\",\"inLanguage\":\"pl-PL\",\"@id\":\"https:\\\/\\\/scarandwonder.com\\\/#\\\/schema\\\/logo\\\/image\\\/\",\"url\":\"https:\\\/\\\/scarandwonder.com\\\/wp-content\\\/uploads\\\/2025\\\/10\\\/SW_Logo_Black_Circle_L_1024.png\",\"contentUrl\":\"https:\\\/\\\/scarandwonder.com\\\/wp-content\\\/uploads\\\/2025\\\/10\\\/SW_Logo_Black_Circle_L_1024.png\",\"width\":1024,\"height\":1024,\"caption\":\"Scar & Wonder\"},\"image\":{\"@id\":\"https:\\\/\\\/scarandwonder.com\\\/#\\\/schema\\\/logo\\\/image\\\/\"},\"sameAs\":[\"https:\\\/\\\/pl.pinterest.com\\\/scarandwonder\\\/\"]}]}<\/script>\n<!-- \/ Yoast SEO plugin. -->","yoast_head_json":{"title":"Noir d'Or A12V100 &#8212; Scar &amp; Wonder","description":"Unique Noir d'Or (A12V100) made of Oak Stump, Dimensions 45u00d717 (cm).","robots":{"index":"index","follow":"follow","max-snippet":"max-snippet:-1","max-image-preview":"max-image-preview:large","max-video-preview":"max-video-preview:-1"},"canonical":"https:\/\/scarandwonder.com\/pl\/shop\/vanguard\/noir-dor-a12v100\/","og_locale":"pl_PL","og_type":"article","og_title":"Noir d'Or A12V100 &#8212; Scar &amp; Wonder","og_description":"Unique Noir d'Or (A12V100) made of Oak Stump, Dimensions 45u00d717 (cm).","og_url":"https:\/\/scarandwonder.com\/pl\/shop\/vanguard\/noir-dor-a12v100\/","og_site_name":"Scar &amp; Wonder","article_publisher":"https:\/\/pl.pinterest.com\/scarandwonder\/","article_modified_time":"2025-12-31T17:20:01+00:00","og_image":[{"width":1920,"height":1280,"url":"https:\/\/scarandwonder.com\/wp-content\/uploads\/2025\/12\/A12V100-20251214_studio_Y4A0071.jpg","type":"image\/jpeg"}],"twitter_card":"summary_large_image","twitter_misc":{"Szacowany czas czytania":"3 minuty"},"schema":{"@context":"https:\/\/schema.org","@graph":[{"@type":"WebPage","@id":"https:\/\/scarandwonder.com\/shop\/vanguard\/noir-dor-a12v100","url":"https:\/\/scarandwonder.com\/shop\/vanguard\/noir-dor-a12v100","name":"Noir d'Or A12V100 &#8212; Scar &amp; Wonder","isPartOf":{"@id":"https:\/\/scarandwonder.com\/#website"},"primaryImageOfPage":{"@id":"https:\/\/scarandwonder.com\/shop\/vanguard\/noir-dor-a12v100#primaryimage"},"image":{"@id":"https:\/\/scarandwonder.com\/shop\/vanguard\/noir-dor-a12v100#primaryimage"},"thumbnailUrl":"https:\/\/scarandwonder.com\/wp-content\/uploads\/2025\/12\/A12V100-20251214_studio_Y4A0071.jpg","datePublished":"2025-12-31T10:22:16+00:00","dateModified":"2025-12-31T17:20:01+00:00","description":"Unique Noir d'Or (A12V100) made of Oak Stump, Dimensions 45u00d717 (cm).","breadcrumb":{"@id":"https:\/\/scarandwonder.com\/shop\/vanguard\/noir-dor-a12v100#breadcrumb"},"inLanguage":"pl-PL","potentialAction":[{"@type":"ReadAction","target":["https:\/\/scarandwonder.com\/shop\/vanguard\/noir-dor-a12v100"]}]},{"@type":"ImageObject","inLanguage":"pl-PL","@id":"https:\/\/scarandwonder.com\/shop\/vanguard\/noir-dor-a12v100#primaryimage","url":"https:\/\/scarandwonder.com\/wp-content\/uploads\/2025\/12\/A12V100-20251214_studio_Y4A0071.jpg","contentUrl":"https:\/\/scarandwonder.com\/wp-content\/uploads\/2025\/12\/A12V100-20251214_studio_Y4A0071.jpg","width":1920,"height":1280},{"@type":"BreadcrumbList","@id":"https:\/\/scarandwonder.com\/shop\/vanguard\/noir-dor-a12v100#breadcrumb","itemListElement":[{"@type":"ListItem","position":1,"name":"Home","item":"https:\/\/scarandwonder.com\/"},{"@type":"ListItem","position":2,"name":"Objects","item":"https:\/\/scarandwonder.com\/objects"},{"@type":"ListItem","position":3,"name":"Noir d&#8217;Or A12V100"}]},{"@type":"WebSite","@id":"https:\/\/scarandwonder.com\/#website","url":"https:\/\/scarandwonder.com\/","name":"Scar & Wonder","description":"Scar marks our wood. Wonder shapes its soul.","publisher":{"@id":"https:\/\/scarandwonder.com\/#organization"},"alternateName":"S&W","potentialAction":[{"@type":"SearchAction","target":{"@type":"EntryPoint","urlTemplate":"https:\/\/scarandwonder.com\/?s={search_term_string}"},"query-input":{"@type":"PropertyValueSpecification","valueRequired":true,"valueName":"search_term_string"}}],"inLanguage":"pl-PL"},{"@type":"Organization","@id":"https:\/\/scarandwonder.com\/#organization","name":"Scar & Wonder","alternateName":"S&W","url":"https:\/\/scarandwonder.com\/","logo":{"@type":"ImageObject","inLanguage":"pl-PL","@id":"https:\/\/scarandwonder.com\/#\/schema\/logo\/image\/","url":"https:\/\/scarandwonder.com\/wp-content\/uploads\/2025\/10\/SW_Logo_Black_Circle_L_1024.png","contentUrl":"https:\/\/scarandwonder.com\/wp-content\/uploads\/2025\/10\/SW_Logo_Black_Circle_L_1024.png","width":1024,"height":1024,"caption":"Scar & Wonder"},"image":{"@id":"https:\/\/scarandwonder.com\/#\/schema\/logo\/image\/"},"sameAs":["https:\/\/pl.pinterest.com\/scarandwonder\/"]}]}},"jetpack_sharing_enabled":true,"_links":{"self":[{"href":"https:\/\/scarandwonder.com\/pl\/wp-json\/wp\/v2\/product\/2625","targetHints":{"allow":["GET"]}}],"collection":[{"href":"https:\/\/scarandwonder.com\/pl\/wp-json\/wp\/v2\/product"}],"about":[{"href":"https:\/\/scarandwonder.com\/pl\/wp-json\/wp\/v2\/types\/product"}],"version-history":[{"count":4,"href":"https:\/\/scarandwonder.com\/pl\/wp-json\/wp\/v2\/product\/2625\/revisions"}],"predecessor-version":[{"id":2795,"href":"https:\/\/scarandwonder.com\/pl\/wp-json\/wp\/v2\/product\/2625\/revisions\/2795"}],"wp:featuredmedia":[{"embeddable":true,"href":"https:\/\/scarandwonder.com\/pl\/wp-json\/wp\/v2\/media\/2732"}],"wp:attachment":[{"href":"https:\/\/scarandwonder.com\/pl\/wp-json\/wp\/v2\/media?parent=2625"}],"wp:term":[{"taxonomy":"product_brand","embeddable":true,"href":"https:\/\/scarandwonder.com\/pl\/wp-json\/wp\/v2\/product_brand?post=2625"},{"taxonomy":"product_cat","embeddable":true,"href":"https:\/\/scarandwonder.com\/pl\/wp-json\/wp\/v2\/product_cat?post=2625"},{"taxonomy":"product_tag","embeddable":true,"href":"https:\/\/scarandwonder.com\/pl\/wp-json\/wp\/v2\/product_tag?post=2625"}],"curies":[{"name":"wp","href":"https:\/\/api.w.org\/{rel}","templated":true}]}}