{"id":2627,"date":"2025-12-31T11:22:18","date_gmt":"2025-12-31T10:22:18","guid":{"rendered":"https:\/\/scarandwonder.com\/?post_type=product&#038;p=2627"},"modified":"2025-12-31T18:30:18","modified_gmt":"2025-12-31T17:30:18","slug":"raven-black-fossil-a12v101","status":"publish","type":"product","link":"https:\/\/scarandwonder.com\/pl\/shop\/vanguard\/raven-black-fossil-a12v101","title":{"rendered":"Raven Black Fossil A12V101"},"content":{"rendered":"<br \/>Raven Black Fossil to odwa\u017cna, mocno rze\u017abiarska misa z kolekcji Vanguard, wytoczona ze wspania\u0142ego d\u0119bowego pnia podarowanego nam przez przyjaciela. Przy \u015brednicy 40 cm i wyko\u0144czeniu Raven Black przypomina bardziej fragment ska\u0142y ni\u017c tradycyjne naczynie \u2013 jakby czarn\u0105 skamielin\u0119 wydobyt\u0105 z le\u015bnej \u015bci\u00f3\u0142ki i przeniesion\u0105 do wn\u0119trza. Ten d\u0105b prawdopodobnie sp\u0119dzi\u0142 oko\u0142o 30 lat dojrzewaj\u0105c w lesie po \u015bci\u0119ciu, daj\u0105c czas pogodzie, wiatrom i owadom, by zapisa\u0142y w nim swoj\u0105 opowie\u015b\u0107. Przez obiekt biegn\u0105 absolutnie zachwycaj\u0105ce p\u0119kni\u0119cia, szczeliny i \u015blady po \u017cerowaniu owad\u00f3w, tworz\u0105c dramatyczn\u0105 sie\u0107 linii i pustek, kt\u00f3re graj\u0105 \u015bwiat\u0142em i cieniem na g\u0142\u0119boko zaczernionej powierzchni. Mo\u017ce funkcjonowa\u0107 jako czyste dzie\u0142o sztuki \u2013 intensywna, kontemplacyjna obecno\u015b\u0107 \u2013 lub sta\u0107 si\u0119 scen\u0105 dla wa\u017cnych przedmiot\u00f3w: bi\u017cuterii czy rekwizyt\u00f3w codziennych rytua\u0142\u00f3w. Misa zosta\u0142a ju\u017c sprawdzona w przestrzeni publicznej na wystawie \u201e100 Objects (2025)\u201d, nios\u0105c w sobie nie tylko pami\u0119\u0107 lasu, ale te\u017c echo tego zbiorowego spotkania.<\/p>\n<p>W Scar &amp; Wonder pracujemy z drewnem porzuconym i odzyskanym. Ka\u017cdy fragment to odkrywanie nowych tajemnic, to nieprzewidywalno\u015b\u0107 wp\u0142ywaj\u0105ca na form\u0119 oraz niepowtarzalne skazy \u2014 pe\u0142ne uroku p\u0119kni\u0119cia, ubytki, wykr\u0119cenia i tekstury. Ka\u017cdy z obiekt\u00f3w Scar &amp; Wonder jest unikalny \u2014 istnieje tylko jeden i jest opatrzony swoj\u0105 indywidualn\u0105, r\u0119cznie wybit\u0105 sygnatur\u0105. Do ka\u017cdego obiektu z kolekcji Vanguard otrzymasz niepowtarzaln\u0105 Ksi\u0119g\u0119 Pochodzenia, kt\u00f3ra dokumentuje jego histori\u0119 \u2014 od drewna z kt\u00f3rego powsta\u0142, poprzez proces, a\u017c po detale wyko\u0144czenia. Ta ksi\u0119ga to pocz\u0105tek nowego \u017cycia \u2014 miejsce, w kt\u00f3rym Ty wyrazisz intencj\u0119 przejmuj\u0105c nad nim opiek\u0119, a tak\u017ce gdzie dopiszesz kolejne rozdzia\u0142y, nadaj\u0105c mu sens. W ten spos\u00f3b wsp\u00f3lnie budujemy warto\u015b\u0107 \u2014 sentymentaln\u0105, emocjonaln\u0105 i finansow\u0105, opowiadaj\u0105c si\u0119 przeciwko bezrefleksyjnej konsumpcji, a g\u0142osuj\u0105c za \u015bwiatem, gdzie trwa\u0142o\u015b\u0107 i sens s\u0105 istotniejsze ni\u017c blichtr czy ulotny powiew nowo\u015bci dyktowany w\u0142a\u015bnie wylansowan\u0105 mod\u0105.<br \/>","protected":false},"excerpt":{"rendered":"<p>Raven Black Fossil A12V101, Oak, Diameter: 40, Height: 17<\/p>","protected":false},"featured_media":2728,"template":"","meta":[],"product_brand":[],"product_cat":[102,30],"product_tag":[],"class_list":{"0":"post-2627","1":"product","2":"type-product","3":"status-publish","4":"has-post-thumbnail","6":"product_cat-featured","7":"product_cat-vanguard","8":"pa_diameter-60","9":"pa_exhibition-yes","10":"pa_wood-oak","12":"first","13":"instock","14":"featured","15":"sold-individually","16":"taxable","17":"shipping-taxable","18":"purchasable","19":"product-type-simple"},"yoast_head":"<!-- This site is optimized with the Yoast SEO plugin v27.4 - https:\/\/yoast.com\/product\/yoast-seo-wordpress\/ -->\n<title>Raven Black Fossil A12V101 &#8212; Scar &amp; Wonder<\/title>\n<meta name=\"description\" content=\"Unique Raven Black Fossil (A12V101) made of Oak Stump, Dimensions 40u00d717 (cm).\" \/>\n<meta name=\"robots\" content=\"index, follow, max-snippet:-1, max-image-preview:large, max-video-preview:-1\" \/>\n<link rel=\"canonical\" href=\"https:\/\/scarandwonder.com\/pl\/shop\/vanguard\/raven-black-fossil-a12v101\/\" \/>\n<meta property=\"og:locale\" content=\"pl_PL\" \/>\n<meta property=\"og:type\" content=\"article\" \/>\n<meta property=\"og:title\" content=\"Raven Black Fossil A12V101 &#8212; Scar &amp; Wonder\" \/>\n<meta property=\"og:description\" content=\"Unique Raven Black Fossil (A12V101) made of Oak Stump, Dimensions 40u00d717 (cm).\" \/>\n<meta property=\"og:url\" content=\"https:\/\/scarandwonder.com\/pl\/shop\/vanguard\/raven-black-fossil-a12v101\/\" \/>\n<meta property=\"og:site_name\" content=\"Scar &amp; Wonder\" \/>\n<meta property=\"article:publisher\" content=\"https:\/\/pl.pinterest.com\/scarandwonder\/\" \/>\n<meta property=\"article:modified_time\" content=\"2025-12-31T17:30:18+00:00\" \/>\n<meta property=\"og:image\" content=\"https:\/\/scarandwonder.com\/wp-content\/uploads\/2025\/12\/A12V101-20251214_studio_Y4A0175.jpg\" \/>\n\t<meta property=\"og:image:width\" content=\"1920\" \/>\n\t<meta property=\"og:image:height\" content=\"1280\" \/>\n\t<meta property=\"og:image:type\" content=\"image\/jpeg\" \/>\n<meta name=\"twitter:card\" content=\"summary_large_image\" \/>\n<meta name=\"twitter:label1\" content=\"Szacowany czas czytania\" \/>\n\t<meta name=\"twitter:data1\" content=\"3 minuty\" \/>\n<script type=\"application\/ld+json\" class=\"yoast-schema-graph\">{\"@context\":\"https:\\\/\\\/schema.org\",\"@graph\":[{\"@type\":\"WebPage\",\"@id\":\"https:\\\/\\\/scarandwonder.com\\\/shop\\\/vanguard\\\/raven-black-fossil-a12v101\",\"url\":\"https:\\\/\\\/scarandwonder.com\\\/shop\\\/vanguard\\\/raven-black-fossil-a12v101\",\"name\":\"Raven Black Fossil A12V101 &#8212; Scar &amp; Wonder\",\"isPartOf\":{\"@id\":\"https:\\\/\\\/scarandwonder.com\\\/#website\"},\"primaryImageOfPage\":{\"@id\":\"https:\\\/\\\/scarandwonder.com\\\/shop\\\/vanguard\\\/raven-black-fossil-a12v101#primaryimage\"},\"image\":{\"@id\":\"https:\\\/\\\/scarandwonder.com\\\/shop\\\/vanguard\\\/raven-black-fossil-a12v101#primaryimage\"},\"thumbnailUrl\":\"https:\\\/\\\/scarandwonder.com\\\/wp-content\\\/uploads\\\/2025\\\/12\\\/A12V101-20251214_studio_Y4A0175.jpg\",\"datePublished\":\"2025-12-31T10:22:18+00:00\",\"dateModified\":\"2025-12-31T17:30:18+00:00\",\"description\":\"Unique Raven Black Fossil (A12V101) made of Oak Stump, Dimensions 40u00d717 (cm).\",\"breadcrumb\":{\"@id\":\"https:\\\/\\\/scarandwonder.com\\\/shop\\\/vanguard\\\/raven-black-fossil-a12v101#breadcrumb\"},\"inLanguage\":\"pl-PL\",\"potentialAction\":[{\"@type\":\"ReadAction\",\"target\":[\"https:\\\/\\\/scarandwonder.com\\\/shop\\\/vanguard\\\/raven-black-fossil-a12v101\"]}]},{\"@type\":\"ImageObject\",\"inLanguage\":\"pl-PL\",\"@id\":\"https:\\\/\\\/scarandwonder.com\\\/shop\\\/vanguard\\\/raven-black-fossil-a12v101#primaryimage\",\"url\":\"https:\\\/\\\/scarandwonder.com\\\/wp-content\\\/uploads\\\/2025\\\/12\\\/A12V101-20251214_studio_Y4A0175.jpg\",\"contentUrl\":\"https:\\\/\\\/scarandwonder.com\\\/wp-content\\\/uploads\\\/2025\\\/12\\\/A12V101-20251214_studio_Y4A0175.jpg\",\"width\":1920,\"height\":1280},{\"@type\":\"BreadcrumbList\",\"@id\":\"https:\\\/\\\/scarandwonder.com\\\/shop\\\/vanguard\\\/raven-black-fossil-a12v101#breadcrumb\",\"itemListElement\":[{\"@type\":\"ListItem\",\"position\":1,\"name\":\"Home\",\"item\":\"https:\\\/\\\/scarandwonder.com\\\/\"},{\"@type\":\"ListItem\",\"position\":2,\"name\":\"Objects\",\"item\":\"https:\\\/\\\/scarandwonder.com\\\/objects\"},{\"@type\":\"ListItem\",\"position\":3,\"name\":\"Raven Black Fossil A12V101\"}]},{\"@type\":\"WebSite\",\"@id\":\"https:\\\/\\\/scarandwonder.com\\\/#website\",\"url\":\"https:\\\/\\\/scarandwonder.com\\\/\",\"name\":\"Scar & Wonder\",\"description\":\"Scar marks our wood. Wonder shapes its soul.\",\"publisher\":{\"@id\":\"https:\\\/\\\/scarandwonder.com\\\/#organization\"},\"alternateName\":\"S&W\",\"potentialAction\":[{\"@type\":\"SearchAction\",\"target\":{\"@type\":\"EntryPoint\",\"urlTemplate\":\"https:\\\/\\\/scarandwonder.com\\\/?s={search_term_string}\"},\"query-input\":{\"@type\":\"PropertyValueSpecification\",\"valueRequired\":true,\"valueName\":\"search_term_string\"}}],\"inLanguage\":\"pl-PL\"},{\"@type\":\"Organization\",\"@id\":\"https:\\\/\\\/scarandwonder.com\\\/#organization\",\"name\":\"Scar & Wonder\",\"alternateName\":\"S&W\",\"url\":\"https:\\\/\\\/scarandwonder.com\\\/\",\"logo\":{\"@type\":\"ImageObject\",\"inLanguage\":\"pl-PL\",\"@id\":\"https:\\\/\\\/scarandwonder.com\\\/#\\\/schema\\\/logo\\\/image\\\/\",\"url\":\"https:\\\/\\\/scarandwonder.com\\\/wp-content\\\/uploads\\\/2025\\\/10\\\/SW_Logo_Black_Circle_L_1024.png\",\"contentUrl\":\"https:\\\/\\\/scarandwonder.com\\\/wp-content\\\/uploads\\\/2025\\\/10\\\/SW_Logo_Black_Circle_L_1024.png\",\"width\":1024,\"height\":1024,\"caption\":\"Scar & Wonder\"},\"image\":{\"@id\":\"https:\\\/\\\/scarandwonder.com\\\/#\\\/schema\\\/logo\\\/image\\\/\"},\"sameAs\":[\"https:\\\/\\\/pl.pinterest.com\\\/scarandwonder\\\/\"]}]}<\/script>\n<!-- \/ Yoast SEO plugin. -->","yoast_head_json":{"title":"Raven Black Fossil A12V101 &#8212; Scar &amp; Wonder","description":"Unique Raven Black Fossil (A12V101) made of Oak Stump, Dimensions 40u00d717 (cm).","robots":{"index":"index","follow":"follow","max-snippet":"max-snippet:-1","max-image-preview":"max-image-preview:large","max-video-preview":"max-video-preview:-1"},"canonical":"https:\/\/scarandwonder.com\/pl\/shop\/vanguard\/raven-black-fossil-a12v101\/","og_locale":"pl_PL","og_type":"article","og_title":"Raven Black Fossil A12V101 &#8212; Scar &amp; Wonder","og_description":"Unique Raven Black Fossil (A12V101) made of Oak Stump, Dimensions 40u00d717 (cm).","og_url":"https:\/\/scarandwonder.com\/pl\/shop\/vanguard\/raven-black-fossil-a12v101\/","og_site_name":"Scar &amp; Wonder","article_publisher":"https:\/\/pl.pinterest.com\/scarandwonder\/","article_modified_time":"2025-12-31T17:30:18+00:00","og_image":[{"width":1920,"height":1280,"url":"https:\/\/scarandwonder.com\/wp-content\/uploads\/2025\/12\/A12V101-20251214_studio_Y4A0175.jpg","type":"image\/jpeg"}],"twitter_card":"summary_large_image","twitter_misc":{"Szacowany czas czytania":"3 minuty"},"schema":{"@context":"https:\/\/schema.org","@graph":[{"@type":"WebPage","@id":"https:\/\/scarandwonder.com\/shop\/vanguard\/raven-black-fossil-a12v101","url":"https:\/\/scarandwonder.com\/shop\/vanguard\/raven-black-fossil-a12v101","name":"Raven Black Fossil A12V101 &#8212; Scar &amp; Wonder","isPartOf":{"@id":"https:\/\/scarandwonder.com\/#website"},"primaryImageOfPage":{"@id":"https:\/\/scarandwonder.com\/shop\/vanguard\/raven-black-fossil-a12v101#primaryimage"},"image":{"@id":"https:\/\/scarandwonder.com\/shop\/vanguard\/raven-black-fossil-a12v101#primaryimage"},"thumbnailUrl":"https:\/\/scarandwonder.com\/wp-content\/uploads\/2025\/12\/A12V101-20251214_studio_Y4A0175.jpg","datePublished":"2025-12-31T10:22:18+00:00","dateModified":"2025-12-31T17:30:18+00:00","description":"Unique Raven Black Fossil (A12V101) made of Oak Stump, Dimensions 40u00d717 (cm).","breadcrumb":{"@id":"https:\/\/scarandwonder.com\/shop\/vanguard\/raven-black-fossil-a12v101#breadcrumb"},"inLanguage":"pl-PL","potentialAction":[{"@type":"ReadAction","target":["https:\/\/scarandwonder.com\/shop\/vanguard\/raven-black-fossil-a12v101"]}]},{"@type":"ImageObject","inLanguage":"pl-PL","@id":"https:\/\/scarandwonder.com\/shop\/vanguard\/raven-black-fossil-a12v101#primaryimage","url":"https:\/\/scarandwonder.com\/wp-content\/uploads\/2025\/12\/A12V101-20251214_studio_Y4A0175.jpg","contentUrl":"https:\/\/scarandwonder.com\/wp-content\/uploads\/2025\/12\/A12V101-20251214_studio_Y4A0175.jpg","width":1920,"height":1280},{"@type":"BreadcrumbList","@id":"https:\/\/scarandwonder.com\/shop\/vanguard\/raven-black-fossil-a12v101#breadcrumb","itemListElement":[{"@type":"ListItem","position":1,"name":"Home","item":"https:\/\/scarandwonder.com\/"},{"@type":"ListItem","position":2,"name":"Objects","item":"https:\/\/scarandwonder.com\/objects"},{"@type":"ListItem","position":3,"name":"Raven Black Fossil A12V101"}]},{"@type":"WebSite","@id":"https:\/\/scarandwonder.com\/#website","url":"https:\/\/scarandwonder.com\/","name":"Scar & Wonder","description":"Scar marks our wood. Wonder shapes its soul.","publisher":{"@id":"https:\/\/scarandwonder.com\/#organization"},"alternateName":"S&W","potentialAction":[{"@type":"SearchAction","target":{"@type":"EntryPoint","urlTemplate":"https:\/\/scarandwonder.com\/?s={search_term_string}"},"query-input":{"@type":"PropertyValueSpecification","valueRequired":true,"valueName":"search_term_string"}}],"inLanguage":"pl-PL"},{"@type":"Organization","@id":"https:\/\/scarandwonder.com\/#organization","name":"Scar & Wonder","alternateName":"S&W","url":"https:\/\/scarandwonder.com\/","logo":{"@type":"ImageObject","inLanguage":"pl-PL","@id":"https:\/\/scarandwonder.com\/#\/schema\/logo\/image\/","url":"https:\/\/scarandwonder.com\/wp-content\/uploads\/2025\/10\/SW_Logo_Black_Circle_L_1024.png","contentUrl":"https:\/\/scarandwonder.com\/wp-content\/uploads\/2025\/10\/SW_Logo_Black_Circle_L_1024.png","width":1024,"height":1024,"caption":"Scar & Wonder"},"image":{"@id":"https:\/\/scarandwonder.com\/#\/schema\/logo\/image\/"},"sameAs":["https:\/\/pl.pinterest.com\/scarandwonder\/"]}]}},"jetpack_sharing_enabled":true,"_links":{"self":[{"href":"https:\/\/scarandwonder.com\/pl\/wp-json\/wp\/v2\/product\/2627","targetHints":{"allow":["GET"]}}],"collection":[{"href":"https:\/\/scarandwonder.com\/pl\/wp-json\/wp\/v2\/product"}],"about":[{"href":"https:\/\/scarandwonder.com\/pl\/wp-json\/wp\/v2\/types\/product"}],"version-history":[{"count":3,"href":"https:\/\/scarandwonder.com\/pl\/wp-json\/wp\/v2\/product\/2627\/revisions"}],"predecessor-version":[{"id":2796,"href":"https:\/\/scarandwonder.com\/pl\/wp-json\/wp\/v2\/product\/2627\/revisions\/2796"}],"wp:featuredmedia":[{"embeddable":true,"href":"https:\/\/scarandwonder.com\/pl\/wp-json\/wp\/v2\/media\/2728"}],"wp:attachment":[{"href":"https:\/\/scarandwonder.com\/pl\/wp-json\/wp\/v2\/media?parent=2627"}],"wp:term":[{"taxonomy":"product_brand","embeddable":true,"href":"https:\/\/scarandwonder.com\/pl\/wp-json\/wp\/v2\/product_brand?post=2627"},{"taxonomy":"product_cat","embeddable":true,"href":"https:\/\/scarandwonder.com\/pl\/wp-json\/wp\/v2\/product_cat?post=2627"},{"taxonomy":"product_tag","embeddable":true,"href":"https:\/\/scarandwonder.com\/pl\/wp-json\/wp\/v2\/product_tag?post=2627"}],"curies":[{"name":"wp","href":"https:\/\/api.w.org\/{rel}","templated":true}]}}