{"id":582,"date":"2025-10-22T18:24:05","date_gmt":"2025-10-22T16:24:05","guid":{"rendered":"https:\/\/scarandwonder.com\/?post_type=product&#038;p=582"},"modified":"2025-12-31T19:44:17","modified_gmt":"2025-12-31T18:44:17","slug":"whiskey-ashtray-a08r31","status":"publish","type":"product","link":"https:\/\/scarandwonder.com\/pl\/shop\/resonance\/whiskey-ashtray-a08r31","title":{"rendered":"Whiskey Ashtray A08R31"},"content":{"rendered":"<div class=\"prose dark:prose-invert inline leading-relaxed break-words min-w-0 [word-break:break-word] prose-strong:font-medium [&amp;_&gt;*:first-child]:mt-0\">\n<p class=\"my-2 [&amp;+p]:mt-4 [&amp;_strong:has(+br)]:inline-block [&amp;_strong:has(+br)]:pb-2\"><br \/><br \/>Whiskey Ashtray to tajemnicza, sugestywna patera z kolekcji Resonance, r\u0119cznie wytoczona z pnia bukowego \u2013 cho\u0107 jego dok\u0142adne pochodzenie pozostaje zagadk\u0105. Przy \u015brednicy 29 cm jej forma \u017cartobliwie przywodzi na my\u015bl popielniczk\u0119, nie przez funkcj\u0119, lecz dzi\u0119ki dramatycznemu kszta\u0142towi i absolutnie pi\u0119knym ubytkom, pieczo\u0142owicie wyczyszczonym wok\u00f3\u0142 \u015blad\u00f3w po \u017cerowaniu owad\u00f3w, kt\u00f3re sta\u0142y si\u0119 teraz kontemplacyjnymi otworami. Ten obiekt \u0142\u0105czy codzienne zastosowanie z rze\u017abiarsk\u0105 obecno\u015bci\u0105, idealnie jako wyrafinowany akcent we wn\u0119trzu, dzie\u0142o sztuki pe\u0142ne sensu bez narzuconej funkcji, lub t\u0142o do wyeksponowania bi\u017cuterii lub innych drobiazg\u00f3w. Zaprasza do refleksji nad historiami ukrytymi w skazach drewna.<\/p>\n<p class=\"my-2 [&amp;+p]:mt-4 [&amp;_strong:has(+br)]:inline-block [&amp;_strong:has(+br)]:pb-2\">Kolekcja Resonance to nasza &#8220;\u015brednia p\u00f3\u0142ka&#8221; \u2014 pomi\u0119dzy codzienno\u015bci\u0105 i funkcjonalno\u015bci\u0105 kolekcji Journey a bezkompromisow\u0105 odwag\u0105 kolekcji Vanguard. To po\u0142\u0105czenie (nieobowi\u0105zkowej) funkcjonalno\u015bci z odrobin\u0105 rze\u017abiarskiej formy. W Scar &amp; Wonder pracujemy z drewnem porzuconym i odzyskanym. Ka\u017cdy fragment to odkrywanie nowych tajemnic, to nieprzewidywalno\u015b\u0107 wp\u0142ywaj\u0105ca na form\u0119 oraz niepowtarzalne skazy \u2014 pe\u0142ne uroku p\u0119kni\u0119cia, ubytki, wykr\u0119cenia i tekstury. Ka\u017cdy z obiekt\u00f3w Scar &amp; Wonder jest unikalny \u2014 istnieje tylko jeden i jest opatrzony swoj\u0105 indywidualn\u0105, r\u0119cznie wybit\u0105 sygnatur\u0105. Przejmuj\u0105c w opiek\u0119 obiekty Scar &amp; Wonder opowiadasz si\u0119 przeciwko bezrefleksyjnej konsumpcji, g\u0142osuj\u0105c za \u015bwiatem, gdzie trwa\u0142o\u015b\u0107 i sens s\u0105 istotniejsze ni\u017c blichtr czy ulotny powiew nowo\u015bci dyktowany w\u0142a\u015bnie wylansowan\u0105 mod\u0105.<br \/><\/p>\n<\/div>\n","protected":false},"excerpt":{"rendered":"<p>Whiskey Ashtray A08R31, Beech, Diameter: 29, Height: 8<\/p>","protected":false},"featured_media":1016,"template":"","meta":[],"product_brand":[],"product_cat":[102,19],"product_tag":[],"class_list":{"0":"post-582","1":"product","2":"type-product","3":"status-publish","4":"has-post-thumbnail","6":"product_cat-featured","7":"product_cat-resonance","8":"pa_diameter-57","9":"pa_wood-beech","11":"first","12":"instock","13":"sold-individually","14":"taxable","15":"shipping-taxable","16":"purchasable","17":"product-type-simple"},"yoast_head":"<!-- This site is optimized with the Yoast SEO plugin v27.4 - https:\/\/yoast.com\/product\/yoast-seo-wordpress\/ -->\n<title>Whiskey Ashtray A08R31 &#8212; Scar &amp; Wonder<\/title>\n<meta name=\"description\" content=\"Unique Whiskey Ashtray (A08R31) made of Beech Stump, Dimensions 29u00d78 (cm).\" \/>\n<meta name=\"robots\" content=\"index, follow, max-snippet:-1, max-image-preview:large, max-video-preview:-1\" \/>\n<link rel=\"canonical\" href=\"https:\/\/scarandwonder.com\/pl\/shop\/resonance\/whiskey-ashtray-a08r31\/\" \/>\n<meta property=\"og:locale\" content=\"pl_PL\" \/>\n<meta property=\"og:type\" content=\"article\" \/>\n<meta property=\"og:title\" content=\"Whiskey Ashtray A08R31 &#8212; Scar &amp; Wonder\" \/>\n<meta property=\"og:description\" content=\"Unique Whiskey Ashtray (A08R31) made of Beech Stump, Dimensions 29u00d78 (cm).\" \/>\n<meta property=\"og:url\" content=\"https:\/\/scarandwonder.com\/pl\/shop\/resonance\/whiskey-ashtray-a08r31\/\" \/>\n<meta property=\"og:site_name\" content=\"Scar &amp; Wonder\" \/>\n<meta property=\"article:publisher\" content=\"https:\/\/pl.pinterest.com\/scarandwonder\/\" \/>\n<meta property=\"article:modified_time\" content=\"2025-12-31T18:44:17+00:00\" \/>\n<meta property=\"og:image\" content=\"https:\/\/scarandwonder.com\/wp-content\/uploads\/2025\/10\/ScarAndWonder_20250826-09-A08R31.jpg\" \/>\n\t<meta property=\"og:image:width\" content=\"1920\" \/>\n\t<meta property=\"og:image:height\" content=\"1280\" \/>\n\t<meta property=\"og:image:type\" content=\"image\/jpeg\" \/>\n<meta name=\"twitter:card\" content=\"summary_large_image\" \/>\n<meta name=\"twitter:label1\" content=\"Szacowany czas czytania\" \/>\n\t<meta name=\"twitter:data1\" content=\"2 minuty\" \/>\n<script type=\"application\/ld+json\" class=\"yoast-schema-graph\">{\"@context\":\"https:\\\/\\\/schema.org\",\"@graph\":[{\"@type\":\"WebPage\",\"@id\":\"https:\\\/\\\/scarandwonder.com\\\/shop\\\/resonance\\\/whiskey-ashtray-a08r31\",\"url\":\"https:\\\/\\\/scarandwonder.com\\\/shop\\\/resonance\\\/whiskey-ashtray-a08r31\",\"name\":\"Whiskey Ashtray A08R31 &#8212; Scar &amp; Wonder\",\"isPartOf\":{\"@id\":\"https:\\\/\\\/scarandwonder.com\\\/#website\"},\"primaryImageOfPage\":{\"@id\":\"https:\\\/\\\/scarandwonder.com\\\/shop\\\/resonance\\\/whiskey-ashtray-a08r31#primaryimage\"},\"image\":{\"@id\":\"https:\\\/\\\/scarandwonder.com\\\/shop\\\/resonance\\\/whiskey-ashtray-a08r31#primaryimage\"},\"thumbnailUrl\":\"https:\\\/\\\/scarandwonder.com\\\/wp-content\\\/uploads\\\/2025\\\/10\\\/ScarAndWonder_20250826-09-A08R31.jpg\",\"datePublished\":\"2025-10-22T16:24:05+00:00\",\"dateModified\":\"2025-12-31T18:44:17+00:00\",\"description\":\"Unique Whiskey Ashtray (A08R31) made of Beech Stump, Dimensions 29u00d78 (cm).\",\"breadcrumb\":{\"@id\":\"https:\\\/\\\/scarandwonder.com\\\/shop\\\/resonance\\\/whiskey-ashtray-a08r31#breadcrumb\"},\"inLanguage\":\"pl-PL\",\"potentialAction\":[{\"@type\":\"ReadAction\",\"target\":[\"https:\\\/\\\/scarandwonder.com\\\/shop\\\/resonance\\\/whiskey-ashtray-a08r31\"]}]},{\"@type\":\"ImageObject\",\"inLanguage\":\"pl-PL\",\"@id\":\"https:\\\/\\\/scarandwonder.com\\\/shop\\\/resonance\\\/whiskey-ashtray-a08r31#primaryimage\",\"url\":\"https:\\\/\\\/scarandwonder.com\\\/wp-content\\\/uploads\\\/2025\\\/10\\\/ScarAndWonder_20250826-09-A08R31.jpg\",\"contentUrl\":\"https:\\\/\\\/scarandwonder.com\\\/wp-content\\\/uploads\\\/2025\\\/10\\\/ScarAndWonder_20250826-09-A08R31.jpg\",\"width\":1920,\"height\":1280},{\"@type\":\"BreadcrumbList\",\"@id\":\"https:\\\/\\\/scarandwonder.com\\\/shop\\\/resonance\\\/whiskey-ashtray-a08r31#breadcrumb\",\"itemListElement\":[{\"@type\":\"ListItem\",\"position\":1,\"name\":\"Home\",\"item\":\"https:\\\/\\\/scarandwonder.com\\\/\"},{\"@type\":\"ListItem\",\"position\":2,\"name\":\"Objects\",\"item\":\"https:\\\/\\\/scarandwonder.com\\\/objects\"},{\"@type\":\"ListItem\",\"position\":3,\"name\":\"Whiskey Ashtray A08R31\"}]},{\"@type\":\"WebSite\",\"@id\":\"https:\\\/\\\/scarandwonder.com\\\/#website\",\"url\":\"https:\\\/\\\/scarandwonder.com\\\/\",\"name\":\"Scar & Wonder\",\"description\":\"Scar marks our wood. Wonder shapes its soul.\",\"publisher\":{\"@id\":\"https:\\\/\\\/scarandwonder.com\\\/#organization\"},\"alternateName\":\"S&W\",\"potentialAction\":[{\"@type\":\"SearchAction\",\"target\":{\"@type\":\"EntryPoint\",\"urlTemplate\":\"https:\\\/\\\/scarandwonder.com\\\/?s={search_term_string}\"},\"query-input\":{\"@type\":\"PropertyValueSpecification\",\"valueRequired\":true,\"valueName\":\"search_term_string\"}}],\"inLanguage\":\"pl-PL\"},{\"@type\":\"Organization\",\"@id\":\"https:\\\/\\\/scarandwonder.com\\\/#organization\",\"name\":\"Scar & Wonder\",\"alternateName\":\"S&W\",\"url\":\"https:\\\/\\\/scarandwonder.com\\\/\",\"logo\":{\"@type\":\"ImageObject\",\"inLanguage\":\"pl-PL\",\"@id\":\"https:\\\/\\\/scarandwonder.com\\\/#\\\/schema\\\/logo\\\/image\\\/\",\"url\":\"https:\\\/\\\/scarandwonder.com\\\/wp-content\\\/uploads\\\/2025\\\/10\\\/SW_Logo_Black_Circle_L_1024.png\",\"contentUrl\":\"https:\\\/\\\/scarandwonder.com\\\/wp-content\\\/uploads\\\/2025\\\/10\\\/SW_Logo_Black_Circle_L_1024.png\",\"width\":1024,\"height\":1024,\"caption\":\"Scar & Wonder\"},\"image\":{\"@id\":\"https:\\\/\\\/scarandwonder.com\\\/#\\\/schema\\\/logo\\\/image\\\/\"},\"sameAs\":[\"https:\\\/\\\/pl.pinterest.com\\\/scarandwonder\\\/\"]}]}<\/script>\n<!-- \/ Yoast SEO plugin. -->","yoast_head_json":{"title":"Whiskey Ashtray A08R31 &#8212; Scar &amp; Wonder","description":"Unique Whiskey Ashtray (A08R31) made of Beech Stump, Dimensions 29u00d78 (cm).","robots":{"index":"index","follow":"follow","max-snippet":"max-snippet:-1","max-image-preview":"max-image-preview:large","max-video-preview":"max-video-preview:-1"},"canonical":"https:\/\/scarandwonder.com\/pl\/shop\/resonance\/whiskey-ashtray-a08r31\/","og_locale":"pl_PL","og_type":"article","og_title":"Whiskey Ashtray A08R31 &#8212; Scar &amp; Wonder","og_description":"Unique Whiskey Ashtray (A08R31) made of Beech Stump, Dimensions 29u00d78 (cm).","og_url":"https:\/\/scarandwonder.com\/pl\/shop\/resonance\/whiskey-ashtray-a08r31\/","og_site_name":"Scar &amp; Wonder","article_publisher":"https:\/\/pl.pinterest.com\/scarandwonder\/","article_modified_time":"2025-12-31T18:44:17+00:00","og_image":[{"width":1920,"height":1280,"url":"https:\/\/scarandwonder.com\/wp-content\/uploads\/2025\/10\/ScarAndWonder_20250826-09-A08R31.jpg","type":"image\/jpeg"}],"twitter_card":"summary_large_image","twitter_misc":{"Szacowany czas czytania":"2 minuty"},"schema":{"@context":"https:\/\/schema.org","@graph":[{"@type":"WebPage","@id":"https:\/\/scarandwonder.com\/shop\/resonance\/whiskey-ashtray-a08r31","url":"https:\/\/scarandwonder.com\/shop\/resonance\/whiskey-ashtray-a08r31","name":"Whiskey Ashtray A08R31 &#8212; Scar &amp; Wonder","isPartOf":{"@id":"https:\/\/scarandwonder.com\/#website"},"primaryImageOfPage":{"@id":"https:\/\/scarandwonder.com\/shop\/resonance\/whiskey-ashtray-a08r31#primaryimage"},"image":{"@id":"https:\/\/scarandwonder.com\/shop\/resonance\/whiskey-ashtray-a08r31#primaryimage"},"thumbnailUrl":"https:\/\/scarandwonder.com\/wp-content\/uploads\/2025\/10\/ScarAndWonder_20250826-09-A08R31.jpg","datePublished":"2025-10-22T16:24:05+00:00","dateModified":"2025-12-31T18:44:17+00:00","description":"Unique Whiskey Ashtray (A08R31) made of Beech Stump, Dimensions 29u00d78 (cm).","breadcrumb":{"@id":"https:\/\/scarandwonder.com\/shop\/resonance\/whiskey-ashtray-a08r31#breadcrumb"},"inLanguage":"pl-PL","potentialAction":[{"@type":"ReadAction","target":["https:\/\/scarandwonder.com\/shop\/resonance\/whiskey-ashtray-a08r31"]}]},{"@type":"ImageObject","inLanguage":"pl-PL","@id":"https:\/\/scarandwonder.com\/shop\/resonance\/whiskey-ashtray-a08r31#primaryimage","url":"https:\/\/scarandwonder.com\/wp-content\/uploads\/2025\/10\/ScarAndWonder_20250826-09-A08R31.jpg","contentUrl":"https:\/\/scarandwonder.com\/wp-content\/uploads\/2025\/10\/ScarAndWonder_20250826-09-A08R31.jpg","width":1920,"height":1280},{"@type":"BreadcrumbList","@id":"https:\/\/scarandwonder.com\/shop\/resonance\/whiskey-ashtray-a08r31#breadcrumb","itemListElement":[{"@type":"ListItem","position":1,"name":"Home","item":"https:\/\/scarandwonder.com\/"},{"@type":"ListItem","position":2,"name":"Objects","item":"https:\/\/scarandwonder.com\/objects"},{"@type":"ListItem","position":3,"name":"Whiskey Ashtray A08R31"}]},{"@type":"WebSite","@id":"https:\/\/scarandwonder.com\/#website","url":"https:\/\/scarandwonder.com\/","name":"Scar & Wonder","description":"Scar marks our wood. Wonder shapes its soul.","publisher":{"@id":"https:\/\/scarandwonder.com\/#organization"},"alternateName":"S&W","potentialAction":[{"@type":"SearchAction","target":{"@type":"EntryPoint","urlTemplate":"https:\/\/scarandwonder.com\/?s={search_term_string}"},"query-input":{"@type":"PropertyValueSpecification","valueRequired":true,"valueName":"search_term_string"}}],"inLanguage":"pl-PL"},{"@type":"Organization","@id":"https:\/\/scarandwonder.com\/#organization","name":"Scar & Wonder","alternateName":"S&W","url":"https:\/\/scarandwonder.com\/","logo":{"@type":"ImageObject","inLanguage":"pl-PL","@id":"https:\/\/scarandwonder.com\/#\/schema\/logo\/image\/","url":"https:\/\/scarandwonder.com\/wp-content\/uploads\/2025\/10\/SW_Logo_Black_Circle_L_1024.png","contentUrl":"https:\/\/scarandwonder.com\/wp-content\/uploads\/2025\/10\/SW_Logo_Black_Circle_L_1024.png","width":1024,"height":1024,"caption":"Scar & Wonder"},"image":{"@id":"https:\/\/scarandwonder.com\/#\/schema\/logo\/image\/"},"sameAs":["https:\/\/pl.pinterest.com\/scarandwonder\/"]}]}},"jetpack_sharing_enabled":true,"_links":{"self":[{"href":"https:\/\/scarandwonder.com\/pl\/wp-json\/wp\/v2\/product\/582","targetHints":{"allow":["GET"]}}],"collection":[{"href":"https:\/\/scarandwonder.com\/pl\/wp-json\/wp\/v2\/product"}],"about":[{"href":"https:\/\/scarandwonder.com\/pl\/wp-json\/wp\/v2\/types\/product"}],"version-history":[{"count":4,"href":"https:\/\/scarandwonder.com\/pl\/wp-json\/wp\/v2\/product\/582\/revisions"}],"predecessor-version":[{"id":2805,"href":"https:\/\/scarandwonder.com\/pl\/wp-json\/wp\/v2\/product\/582\/revisions\/2805"}],"wp:featuredmedia":[{"embeddable":true,"href":"https:\/\/scarandwonder.com\/pl\/wp-json\/wp\/v2\/media\/1016"}],"wp:attachment":[{"href":"https:\/\/scarandwonder.com\/pl\/wp-json\/wp\/v2\/media?parent=582"}],"wp:term":[{"taxonomy":"product_brand","embeddable":true,"href":"https:\/\/scarandwonder.com\/pl\/wp-json\/wp\/v2\/product_brand?post=582"},{"taxonomy":"product_cat","embeddable":true,"href":"https:\/\/scarandwonder.com\/pl\/wp-json\/wp\/v2\/product_cat?post=582"},{"taxonomy":"product_tag","embeddable":true,"href":"https:\/\/scarandwonder.com\/pl\/wp-json\/wp\/v2\/product_tag?post=582"}],"curies":[{"name":"wp","href":"https:\/\/api.w.org\/{rel}","templated":true}]}}