{"id":594,"date":"2025-10-22T18:24:07","date_gmt":"2025-10-22T16:24:07","guid":{"rendered":"https:\/\/scarandwonder.com\/?post_type=product&#038;p=594"},"modified":"2026-01-09T17:08:09","modified_gmt":"2026-01-09T16:08:09","slug":"raven-black-cross-grain-platter-a09r43","status":"publish","type":"product","link":"https:\/\/scarandwonder.com\/pl\/shop\/resonance\/raven-black-cross-grain-platter-a09r43","title":{"rendered":"Raven Black Cross Grain Platter A09R43"},"content":{"rendered":"<p> <br \/> <br \/>Kruczoczarna misa z kolekcji Resonance, r\u0119cznie toczona ze starego, solidnego pnia d\u0119bowego wzd\u0142u\u017c rdzenia \u2014 wbrew podr\u0119cznikowej wiedzy. Dzi\u0119ki temu podej\u015bciu powstaj\u0105 g\u0142\u0119bsze, bardziej intryguj\u0105ce promieniowe p\u0119kni\u0119cia, szczeg\u00f3lnie w wytrzyma\u0142ym drewnie d\u0119bowym. Przy \u015brednicy 22 cm, jako cz\u0119\u015b\u0107 tzw. &#8220;<a href=\"https:\/\/scarandwonder.com\/pl\/shop\/sets\/japanese-set-ba09r43\/\">Japo\u0144skiego Zestawu<\/a>&#8220;, mo\u017ce inspirowa\u0107 jako niezale\u017cna rze\u017aba lub np. jako podstawa pod pojedyncz\u0105 \u015bwiec\u0119.<\/p>\n<p>Kolekcja Resonance to nasza \u015brednia p\u00f3\u0142ka pomi\u0119dzy codzienno\u015bci\u0105 i funkcjonalno\u015bci\u0105 kolekcji Journey a bezkompromisow\u0105 odwag\u0105 kolekcji Vanguard. To po\u0142\u0105czenie nieobowi\u0105zkowej funkcjonalno\u015bci z odrobin\u0105 rze\u017abiarskiej formy.<\/p>\n<p>W Scar &amp; Wonder pracujemy z drewnem porzuconym i odzyskanym. Ka\u017cdy fragment to odkrywanie nowych tajemnic, to nieprzewidywalno\u015b\u0107 wp\u0142ywaj\u0105ca na form\u0119 oraz niepowtarzalne skazy pe\u0142ne uroku \u2014 p\u0119kni\u0119cia, ubytki, wykr\u0119cenia i tekstury. Ka\u017cdy z obiekt\u00f3w Scar &amp; Wonder jest unikalny \u2014 istnieje tylko jeden i jest opatrzony swoj\u0105 indywidualn\u0105, r\u0119cznie wybitym sygnatur\u0105.<\/p>\n<p>Przejmuj\u0105c w opiek\u0119 obiekty Scar &amp; Wonder opowiadasz si\u0119 przeciwko bezrefleksyjnej konsumpcji, g\u0142osuj\u0105c za \u015bwiatem, gdzie trwa\u0142o\u015b\u0107 i sens s\u0105 istotniejsze ni\u017c blichtr czy ulotny powiew nowo\u015bci dyktowany chwilowo wylansowan\u0105 mod\u0105. <br \/><\/p>","protected":false},"excerpt":{"rendered":"<p>Raven Black Cross Grain Platter A09R43, Oak, Diameter: 22, Height: 7<\/p>","protected":false},"featured_media":995,"template":"","meta":[],"product_brand":[],"product_cat":[19],"product_tag":[],"class_list":{"0":"post-594","1":"product","2":"type-product","3":"status-publish","4":"has-post-thumbnail","6":"product_cat-resonance","7":"pa_diameter-53","8":"pa_wood-oak","10":"first","11":"outofstock","12":"sold-individually","13":"taxable","14":"shipping-taxable","15":"purchasable","16":"product-type-simple"},"yoast_head":"<!-- This site is optimized with the Yoast SEO plugin v27.4 - https:\/\/yoast.com\/product\/yoast-seo-wordpress\/ -->\n<title>Raven Black Cross Grain Platter A09R43 &#8212; Scar &amp; Wonder<\/title>\n<meta name=\"description\" content=\"Unique Raven Black Cross Grain Platter (A09R43) made of Oak Log, Dimensions 22u00d77 (cm).\" \/>\n<meta name=\"robots\" content=\"index, follow, max-snippet:-1, max-image-preview:large, max-video-preview:-1\" \/>\n<link rel=\"canonical\" href=\"https:\/\/scarandwonder.com\/pl\/shop\/resonance\/raven-black-cross-grain-platter-a09r43\/\" \/>\n<meta property=\"og:locale\" content=\"pl_PL\" \/>\n<meta property=\"og:type\" content=\"article\" \/>\n<meta property=\"og:title\" content=\"Raven Black Cross Grain Platter A09R43 &#8212; Scar &amp; Wonder\" \/>\n<meta property=\"og:description\" content=\"Unique Raven Black Cross Grain Platter (A09R43) made of Oak Log, Dimensions 22u00d77 (cm).\" \/>\n<meta property=\"og:url\" content=\"https:\/\/scarandwonder.com\/pl\/shop\/resonance\/raven-black-cross-grain-platter-a09r43\/\" \/>\n<meta property=\"og:site_name\" content=\"Scar &amp; Wonder\" \/>\n<meta property=\"article:publisher\" content=\"https:\/\/pl.pinterest.com\/scarandwonder\/\" \/>\n<meta property=\"article:modified_time\" content=\"2026-01-09T16:08:09+00:00\" \/>\n<meta property=\"og:image\" content=\"https:\/\/scarandwonder.com\/wp-content\/uploads\/2025\/10\/ScarAndWonder_20250817-15-A08R43.jpg\" \/>\n\t<meta property=\"og:image:width\" content=\"1920\" \/>\n\t<meta property=\"og:image:height\" content=\"1280\" \/>\n\t<meta property=\"og:image:type\" content=\"image\/jpeg\" \/>\n<meta name=\"twitter:card\" content=\"summary_large_image\" \/>\n<meta name=\"twitter:label1\" content=\"Szacowany czas czytania\" \/>\n\t<meta name=\"twitter:data1\" content=\"2 minuty\" \/>\n<script type=\"application\/ld+json\" class=\"yoast-schema-graph\">{\"@context\":\"https:\\\/\\\/schema.org\",\"@graph\":[{\"@type\":\"WebPage\",\"@id\":\"https:\\\/\\\/scarandwonder.com\\\/shop\\\/resonance\\\/raven-black-cross-grain-platter-a09r43\",\"url\":\"https:\\\/\\\/scarandwonder.com\\\/shop\\\/resonance\\\/raven-black-cross-grain-platter-a09r43\",\"name\":\"Raven Black Cross Grain Platter A09R43 &#8212; Scar &amp; Wonder\",\"isPartOf\":{\"@id\":\"https:\\\/\\\/scarandwonder.com\\\/#website\"},\"primaryImageOfPage\":{\"@id\":\"https:\\\/\\\/scarandwonder.com\\\/shop\\\/resonance\\\/raven-black-cross-grain-platter-a09r43#primaryimage\"},\"image\":{\"@id\":\"https:\\\/\\\/scarandwonder.com\\\/shop\\\/resonance\\\/raven-black-cross-grain-platter-a09r43#primaryimage\"},\"thumbnailUrl\":\"https:\\\/\\\/scarandwonder.com\\\/wp-content\\\/uploads\\\/2025\\\/10\\\/ScarAndWonder_20250817-15-A08R43.jpg\",\"datePublished\":\"2025-10-22T16:24:07+00:00\",\"dateModified\":\"2026-01-09T16:08:09+00:00\",\"description\":\"Unique Raven Black Cross Grain Platter (A09R43) made of Oak Log, Dimensions 22u00d77 (cm).\",\"breadcrumb\":{\"@id\":\"https:\\\/\\\/scarandwonder.com\\\/shop\\\/resonance\\\/raven-black-cross-grain-platter-a09r43#breadcrumb\"},\"inLanguage\":\"pl-PL\",\"potentialAction\":[{\"@type\":\"ReadAction\",\"target\":[\"https:\\\/\\\/scarandwonder.com\\\/shop\\\/resonance\\\/raven-black-cross-grain-platter-a09r43\"]}]},{\"@type\":\"ImageObject\",\"inLanguage\":\"pl-PL\",\"@id\":\"https:\\\/\\\/scarandwonder.com\\\/shop\\\/resonance\\\/raven-black-cross-grain-platter-a09r43#primaryimage\",\"url\":\"https:\\\/\\\/scarandwonder.com\\\/wp-content\\\/uploads\\\/2025\\\/10\\\/ScarAndWonder_20250817-15-A08R43.jpg\",\"contentUrl\":\"https:\\\/\\\/scarandwonder.com\\\/wp-content\\\/uploads\\\/2025\\\/10\\\/ScarAndWonder_20250817-15-A08R43.jpg\",\"width\":1920,\"height\":1280},{\"@type\":\"BreadcrumbList\",\"@id\":\"https:\\\/\\\/scarandwonder.com\\\/shop\\\/resonance\\\/raven-black-cross-grain-platter-a09r43#breadcrumb\",\"itemListElement\":[{\"@type\":\"ListItem\",\"position\":1,\"name\":\"Home\",\"item\":\"https:\\\/\\\/scarandwonder.com\\\/\"},{\"@type\":\"ListItem\",\"position\":2,\"name\":\"Objects\",\"item\":\"https:\\\/\\\/scarandwonder.com\\\/objects\"},{\"@type\":\"ListItem\",\"position\":3,\"name\":\"Raven Black Cross Grain Platter A09R43\"}]},{\"@type\":\"WebSite\",\"@id\":\"https:\\\/\\\/scarandwonder.com\\\/#website\",\"url\":\"https:\\\/\\\/scarandwonder.com\\\/\",\"name\":\"Scar & Wonder\",\"description\":\"Scar marks our wood. Wonder shapes its soul.\",\"publisher\":{\"@id\":\"https:\\\/\\\/scarandwonder.com\\\/#organization\"},\"alternateName\":\"S&W\",\"potentialAction\":[{\"@type\":\"SearchAction\",\"target\":{\"@type\":\"EntryPoint\",\"urlTemplate\":\"https:\\\/\\\/scarandwonder.com\\\/?s={search_term_string}\"},\"query-input\":{\"@type\":\"PropertyValueSpecification\",\"valueRequired\":true,\"valueName\":\"search_term_string\"}}],\"inLanguage\":\"pl-PL\"},{\"@type\":\"Organization\",\"@id\":\"https:\\\/\\\/scarandwonder.com\\\/#organization\",\"name\":\"Scar & Wonder\",\"alternateName\":\"S&W\",\"url\":\"https:\\\/\\\/scarandwonder.com\\\/\",\"logo\":{\"@type\":\"ImageObject\",\"inLanguage\":\"pl-PL\",\"@id\":\"https:\\\/\\\/scarandwonder.com\\\/#\\\/schema\\\/logo\\\/image\\\/\",\"url\":\"https:\\\/\\\/scarandwonder.com\\\/wp-content\\\/uploads\\\/2025\\\/10\\\/SW_Logo_Black_Circle_L_1024.png\",\"contentUrl\":\"https:\\\/\\\/scarandwonder.com\\\/wp-content\\\/uploads\\\/2025\\\/10\\\/SW_Logo_Black_Circle_L_1024.png\",\"width\":1024,\"height\":1024,\"caption\":\"Scar & Wonder\"},\"image\":{\"@id\":\"https:\\\/\\\/scarandwonder.com\\\/#\\\/schema\\\/logo\\\/image\\\/\"},\"sameAs\":[\"https:\\\/\\\/pl.pinterest.com\\\/scarandwonder\\\/\"]}]}<\/script>\n<!-- \/ Yoast SEO plugin. -->","yoast_head_json":{"title":"Raven Black Cross Grain Platter A09R43 &#8212; Scar &amp; Wonder","description":"Unique Raven Black Cross Grain Platter (A09R43) made of Oak Log, Dimensions 22u00d77 (cm).","robots":{"index":"index","follow":"follow","max-snippet":"max-snippet:-1","max-image-preview":"max-image-preview:large","max-video-preview":"max-video-preview:-1"},"canonical":"https:\/\/scarandwonder.com\/pl\/shop\/resonance\/raven-black-cross-grain-platter-a09r43\/","og_locale":"pl_PL","og_type":"article","og_title":"Raven Black Cross Grain Platter A09R43 &#8212; Scar &amp; Wonder","og_description":"Unique Raven Black Cross Grain Platter (A09R43) made of Oak Log, Dimensions 22u00d77 (cm).","og_url":"https:\/\/scarandwonder.com\/pl\/shop\/resonance\/raven-black-cross-grain-platter-a09r43\/","og_site_name":"Scar &amp; Wonder","article_publisher":"https:\/\/pl.pinterest.com\/scarandwonder\/","article_modified_time":"2026-01-09T16:08:09+00:00","og_image":[{"width":1920,"height":1280,"url":"https:\/\/scarandwonder.com\/wp-content\/uploads\/2025\/10\/ScarAndWonder_20250817-15-A08R43.jpg","type":"image\/jpeg"}],"twitter_card":"summary_large_image","twitter_misc":{"Szacowany czas czytania":"2 minuty"},"schema":{"@context":"https:\/\/schema.org","@graph":[{"@type":"WebPage","@id":"https:\/\/scarandwonder.com\/shop\/resonance\/raven-black-cross-grain-platter-a09r43","url":"https:\/\/scarandwonder.com\/shop\/resonance\/raven-black-cross-grain-platter-a09r43","name":"Raven Black Cross Grain Platter A09R43 &#8212; Scar &amp; Wonder","isPartOf":{"@id":"https:\/\/scarandwonder.com\/#website"},"primaryImageOfPage":{"@id":"https:\/\/scarandwonder.com\/shop\/resonance\/raven-black-cross-grain-platter-a09r43#primaryimage"},"image":{"@id":"https:\/\/scarandwonder.com\/shop\/resonance\/raven-black-cross-grain-platter-a09r43#primaryimage"},"thumbnailUrl":"https:\/\/scarandwonder.com\/wp-content\/uploads\/2025\/10\/ScarAndWonder_20250817-15-A08R43.jpg","datePublished":"2025-10-22T16:24:07+00:00","dateModified":"2026-01-09T16:08:09+00:00","description":"Unique Raven Black Cross Grain Platter (A09R43) made of Oak Log, Dimensions 22u00d77 (cm).","breadcrumb":{"@id":"https:\/\/scarandwonder.com\/shop\/resonance\/raven-black-cross-grain-platter-a09r43#breadcrumb"},"inLanguage":"pl-PL","potentialAction":[{"@type":"ReadAction","target":["https:\/\/scarandwonder.com\/shop\/resonance\/raven-black-cross-grain-platter-a09r43"]}]},{"@type":"ImageObject","inLanguage":"pl-PL","@id":"https:\/\/scarandwonder.com\/shop\/resonance\/raven-black-cross-grain-platter-a09r43#primaryimage","url":"https:\/\/scarandwonder.com\/wp-content\/uploads\/2025\/10\/ScarAndWonder_20250817-15-A08R43.jpg","contentUrl":"https:\/\/scarandwonder.com\/wp-content\/uploads\/2025\/10\/ScarAndWonder_20250817-15-A08R43.jpg","width":1920,"height":1280},{"@type":"BreadcrumbList","@id":"https:\/\/scarandwonder.com\/shop\/resonance\/raven-black-cross-grain-platter-a09r43#breadcrumb","itemListElement":[{"@type":"ListItem","position":1,"name":"Home","item":"https:\/\/scarandwonder.com\/"},{"@type":"ListItem","position":2,"name":"Objects","item":"https:\/\/scarandwonder.com\/objects"},{"@type":"ListItem","position":3,"name":"Raven Black Cross Grain Platter A09R43"}]},{"@type":"WebSite","@id":"https:\/\/scarandwonder.com\/#website","url":"https:\/\/scarandwonder.com\/","name":"Scar & Wonder","description":"Scar marks our wood. Wonder shapes its soul.","publisher":{"@id":"https:\/\/scarandwonder.com\/#organization"},"alternateName":"S&W","potentialAction":[{"@type":"SearchAction","target":{"@type":"EntryPoint","urlTemplate":"https:\/\/scarandwonder.com\/?s={search_term_string}"},"query-input":{"@type":"PropertyValueSpecification","valueRequired":true,"valueName":"search_term_string"}}],"inLanguage":"pl-PL"},{"@type":"Organization","@id":"https:\/\/scarandwonder.com\/#organization","name":"Scar & Wonder","alternateName":"S&W","url":"https:\/\/scarandwonder.com\/","logo":{"@type":"ImageObject","inLanguage":"pl-PL","@id":"https:\/\/scarandwonder.com\/#\/schema\/logo\/image\/","url":"https:\/\/scarandwonder.com\/wp-content\/uploads\/2025\/10\/SW_Logo_Black_Circle_L_1024.png","contentUrl":"https:\/\/scarandwonder.com\/wp-content\/uploads\/2025\/10\/SW_Logo_Black_Circle_L_1024.png","width":1024,"height":1024,"caption":"Scar & Wonder"},"image":{"@id":"https:\/\/scarandwonder.com\/#\/schema\/logo\/image\/"},"sameAs":["https:\/\/pl.pinterest.com\/scarandwonder\/"]}]}},"jetpack_sharing_enabled":true,"_links":{"self":[{"href":"https:\/\/scarandwonder.com\/pl\/wp-json\/wp\/v2\/product\/594","targetHints":{"allow":["GET"]}}],"collection":[{"href":"https:\/\/scarandwonder.com\/pl\/wp-json\/wp\/v2\/product"}],"about":[{"href":"https:\/\/scarandwonder.com\/pl\/wp-json\/wp\/v2\/types\/product"}],"version-history":[{"count":4,"href":"https:\/\/scarandwonder.com\/pl\/wp-json\/wp\/v2\/product\/594\/revisions"}],"predecessor-version":[{"id":2821,"href":"https:\/\/scarandwonder.com\/pl\/wp-json\/wp\/v2\/product\/594\/revisions\/2821"}],"wp:featuredmedia":[{"embeddable":true,"href":"https:\/\/scarandwonder.com\/pl\/wp-json\/wp\/v2\/media\/995"}],"wp:attachment":[{"href":"https:\/\/scarandwonder.com\/pl\/wp-json\/wp\/v2\/media?parent=594"}],"wp:term":[{"taxonomy":"product_brand","embeddable":true,"href":"https:\/\/scarandwonder.com\/pl\/wp-json\/wp\/v2\/product_brand?post=594"},{"taxonomy":"product_cat","embeddable":true,"href":"https:\/\/scarandwonder.com\/pl\/wp-json\/wp\/v2\/product_cat?post=594"},{"taxonomy":"product_tag","embeddable":true,"href":"https:\/\/scarandwonder.com\/pl\/wp-json\/wp\/v2\/product_tag?post=594"}],"curies":[{"name":"wp","href":"https:\/\/api.w.org\/{rel}","templated":true}]}}