{"id":601,"date":"2025-10-22T18:24:07","date_gmt":"2025-10-22T16:24:07","guid":{"rendered":"https:\/\/scarandwonder.com\/?post_type=product&#038;p=601"},"modified":"2026-01-01T11:31:41","modified_gmt":"2026-01-01T10:31:41","slug":"raven-black-fossil-a09v50","status":"publish","type":"product","link":"https:\/\/scarandwonder.com\/pl\/shop\/vanguard\/raven-black-fossil-a09v50","title":{"rendered":"Raven Black Fossil A09V50"},"content":{"rendered":"<p> <br \/> <br \/>Kruczoczarna Skamielina z kolekcji Vanguard o \u015brednicy 30 cm, r\u0119cznie wykonana ze starego pnia d\u0119bowego podarowanego przez drogiego s\u0105siada. Ten \u015bmia\u0142y obiekt\u00a0 dojrzewaj\u0105cy przez \u0107wier\u0107 wieku w lesie i opieraj\u0105cy si\u0119 rozk\u0142adowi w spos\u00f3b charakterystyczny tylko dla d\u0119bu, ukazuje osza\u0142amiaj\u0105ce p\u0119kni\u0119cia, otwory po robakach i rze\u017abiarsk\u0105 jako\u015b\u0107, kt\u00f3ra zdecydowanie odwodzi od u\u017cytkowo\u015bci. Wraz ze znacz\u0105c\u0105 wag\u0105 litego drewna, ten obiekt przyci\u0105ga uwag\u0119 jako dramatyczny akcent, sugeruj\u0105c si\u0142\u0119 i ponadczasow\u0105 wytrzyma\u0142o\u015b\u0107.<\/p>\n<p>W Scar &amp; Wonder pracujemy z drewnem porzuconym i odzyskanym. Ka\u017cdy fragment to odkrywanie nowych tajemnic, to nieprzewidywalno\u015b\u0107 wp\u0142ywaj\u0105ca na form\u0119 oraz niepowtarzalne skazy pe\u0142ne uroku \u2014 p\u0119kni\u0119cia, ubytki, wykr\u0119cenia i tekstury. Ka\u017cdy z obiekt\u00f3w Scar &amp; Wonder jest unikalny \u2014 istnieje tylko jeden i jest opatrzony swoj\u0105 indywidualn\u0105, r\u0119cznie wybitym sygnatur\u0105. Do ka\u017cdego obiektu z kolekcji Vanguard otrzymasz niepowtarzaln\u0105 Ksi\u0119g\u0119 Pochodzenia, kt\u00f3ra dokumentuje jego histori\u0119 od drewna z kt\u00f3rego powsta\u0142, poprzez proces, a po detale wyko\u0144czenia. Ta ksi\u0119ga to pocz\u0105tek nowego \u017cycia \u2014 miejsce, w kt\u00f3rym Ty wyrazisz intencj\u0119 przejmuj\u0105c nad nim opiek\u0119, a tak\u017ce gdzie dopiszesz kolejne rozdzia\u0142y, nadaj\u0105c mu sens. Wybieraj\u0105c Scar &amp; Wonder opowiadasz si\u0119 za wolniejszym, bardziej \u015bwiadomym \u017cyciem \u2014 jednym, w kt\u00f3rym rzeczy s\u0105 piel\u0119gnowane, dzielone i przekazywane dalej. Wsp\u00f3lnie budujemy warto\u015b\u0107 na wielu poziomach \u2014 sentymentaln\u0105, emocjonaln\u0105 i finansow\u0105 \u2014 stawiaj\u0105c na g\u0142\u0119bi\u0119 zamiast jednorazowo\u015bci, i g\u0142osuj\u0105c za \u015bwiatem, gdzie trwa\u0142o\u015b\u0107 i sens s\u0105 wa\u017cniejsze ni\u017c blichtr czy ulotny powiew nowo\u015bci dyktowany chwilowo wylansowan\u0105 mod\u0105. <br \/><\/p>","protected":false},"excerpt":{"rendered":"<p>Raven Black Fossil A09V50, Oak, Diameter: 30, Height: 16<\/p>","protected":false},"featured_media":1082,"template":"","meta":[],"product_brand":[],"product_cat":[30],"product_tag":[],"class_list":{"0":"post-601","1":"product","2":"type-product","3":"status-publish","4":"has-post-thumbnail","6":"product_cat-vanguard","7":"pa_diameter-46","8":"pa_wood-oak","10":"first","11":"instock","12":"sold-individually","13":"taxable","14":"shipping-taxable","15":"purchasable","16":"product-type-simple"},"yoast_head":"<!-- This site is optimized with the Yoast SEO plugin v27.4 - https:\/\/yoast.com\/product\/yoast-seo-wordpress\/ -->\n<title>Raven Black Fossil A09V50 &#8212; Scar &amp; Wonder<\/title>\n<meta name=\"description\" content=\"Unique Raven Black Fossil (A09V50) made of Oak Stump, Dimensions 30u00d716 (cm).\" \/>\n<meta name=\"robots\" content=\"index, follow, max-snippet:-1, max-image-preview:large, max-video-preview:-1\" \/>\n<link rel=\"canonical\" href=\"https:\/\/scarandwonder.com\/pl\/shop\/vanguard\/raven-black-fossil-a09v50\/\" \/>\n<meta property=\"og:locale\" content=\"pl_PL\" \/>\n<meta property=\"og:type\" content=\"article\" \/>\n<meta property=\"og:title\" content=\"Raven Black Fossil A09V50 &#8212; Scar &amp; Wonder\" \/>\n<meta property=\"og:description\" content=\"Unique Raven Black Fossil (A09V50) made of Oak Stump, Dimensions 30u00d716 (cm).\" \/>\n<meta property=\"og:url\" content=\"https:\/\/scarandwonder.com\/pl\/shop\/vanguard\/raven-black-fossil-a09v50\/\" \/>\n<meta property=\"og:site_name\" content=\"Scar &amp; Wonder\" \/>\n<meta property=\"article:publisher\" content=\"https:\/\/pl.pinterest.com\/scarandwonder\/\" \/>\n<meta property=\"article:modified_time\" content=\"2026-01-01T10:31:41+00:00\" \/>\n<meta property=\"og:image\" content=\"https:\/\/scarandwonder.com\/wp-content\/uploads\/2025\/10\/SW-023-A10V50.jpg\" \/>\n\t<meta property=\"og:image:width\" content=\"1920\" \/>\n\t<meta property=\"og:image:height\" content=\"1280\" \/>\n\t<meta property=\"og:image:type\" content=\"image\/jpeg\" \/>\n<meta name=\"twitter:card\" content=\"summary_large_image\" \/>\n<meta name=\"twitter:label1\" content=\"Szacowany czas czytania\" \/>\n\t<meta name=\"twitter:data1\" content=\"3 minuty\" \/>\n<script type=\"application\/ld+json\" class=\"yoast-schema-graph\">{\"@context\":\"https:\\\/\\\/schema.org\",\"@graph\":[{\"@type\":\"WebPage\",\"@id\":\"https:\\\/\\\/scarandwonder.com\\\/shop\\\/vanguard\\\/raven-black-fossil-a09v50\",\"url\":\"https:\\\/\\\/scarandwonder.com\\\/shop\\\/vanguard\\\/raven-black-fossil-a09v50\",\"name\":\"Raven Black Fossil A09V50 &#8212; Scar &amp; Wonder\",\"isPartOf\":{\"@id\":\"https:\\\/\\\/scarandwonder.com\\\/#website\"},\"primaryImageOfPage\":{\"@id\":\"https:\\\/\\\/scarandwonder.com\\\/shop\\\/vanguard\\\/raven-black-fossil-a09v50#primaryimage\"},\"image\":{\"@id\":\"https:\\\/\\\/scarandwonder.com\\\/shop\\\/vanguard\\\/raven-black-fossil-a09v50#primaryimage\"},\"thumbnailUrl\":\"https:\\\/\\\/scarandwonder.com\\\/wp-content\\\/uploads\\\/2025\\\/10\\\/SW-023-A10V50.jpg\",\"datePublished\":\"2025-10-22T16:24:07+00:00\",\"dateModified\":\"2026-01-01T10:31:41+00:00\",\"description\":\"Unique Raven Black Fossil (A09V50) made of Oak Stump, Dimensions 30u00d716 (cm).\",\"breadcrumb\":{\"@id\":\"https:\\\/\\\/scarandwonder.com\\\/shop\\\/vanguard\\\/raven-black-fossil-a09v50#breadcrumb\"},\"inLanguage\":\"pl-PL\",\"potentialAction\":[{\"@type\":\"ReadAction\",\"target\":[\"https:\\\/\\\/scarandwonder.com\\\/shop\\\/vanguard\\\/raven-black-fossil-a09v50\"]}]},{\"@type\":\"ImageObject\",\"inLanguage\":\"pl-PL\",\"@id\":\"https:\\\/\\\/scarandwonder.com\\\/shop\\\/vanguard\\\/raven-black-fossil-a09v50#primaryimage\",\"url\":\"https:\\\/\\\/scarandwonder.com\\\/wp-content\\\/uploads\\\/2025\\\/10\\\/SW-023-A10V50.jpg\",\"contentUrl\":\"https:\\\/\\\/scarandwonder.com\\\/wp-content\\\/uploads\\\/2025\\\/10\\\/SW-023-A10V50.jpg\",\"width\":1920,\"height\":1280},{\"@type\":\"BreadcrumbList\",\"@id\":\"https:\\\/\\\/scarandwonder.com\\\/shop\\\/vanguard\\\/raven-black-fossil-a09v50#breadcrumb\",\"itemListElement\":[{\"@type\":\"ListItem\",\"position\":1,\"name\":\"Home\",\"item\":\"https:\\\/\\\/scarandwonder.com\\\/\"},{\"@type\":\"ListItem\",\"position\":2,\"name\":\"Objects\",\"item\":\"https:\\\/\\\/scarandwonder.com\\\/objects\"},{\"@type\":\"ListItem\",\"position\":3,\"name\":\"Raven Black Fossil A09V50\"}]},{\"@type\":\"WebSite\",\"@id\":\"https:\\\/\\\/scarandwonder.com\\\/#website\",\"url\":\"https:\\\/\\\/scarandwonder.com\\\/\",\"name\":\"Scar & Wonder\",\"description\":\"Scar marks our wood. Wonder shapes its soul.\",\"publisher\":{\"@id\":\"https:\\\/\\\/scarandwonder.com\\\/#organization\"},\"alternateName\":\"S&W\",\"potentialAction\":[{\"@type\":\"SearchAction\",\"target\":{\"@type\":\"EntryPoint\",\"urlTemplate\":\"https:\\\/\\\/scarandwonder.com\\\/?s={search_term_string}\"},\"query-input\":{\"@type\":\"PropertyValueSpecification\",\"valueRequired\":true,\"valueName\":\"search_term_string\"}}],\"inLanguage\":\"pl-PL\"},{\"@type\":\"Organization\",\"@id\":\"https:\\\/\\\/scarandwonder.com\\\/#organization\",\"name\":\"Scar & Wonder\",\"alternateName\":\"S&W\",\"url\":\"https:\\\/\\\/scarandwonder.com\\\/\",\"logo\":{\"@type\":\"ImageObject\",\"inLanguage\":\"pl-PL\",\"@id\":\"https:\\\/\\\/scarandwonder.com\\\/#\\\/schema\\\/logo\\\/image\\\/\",\"url\":\"https:\\\/\\\/scarandwonder.com\\\/wp-content\\\/uploads\\\/2025\\\/10\\\/SW_Logo_Black_Circle_L_1024.png\",\"contentUrl\":\"https:\\\/\\\/scarandwonder.com\\\/wp-content\\\/uploads\\\/2025\\\/10\\\/SW_Logo_Black_Circle_L_1024.png\",\"width\":1024,\"height\":1024,\"caption\":\"Scar & Wonder\"},\"image\":{\"@id\":\"https:\\\/\\\/scarandwonder.com\\\/#\\\/schema\\\/logo\\\/image\\\/\"},\"sameAs\":[\"https:\\\/\\\/pl.pinterest.com\\\/scarandwonder\\\/\"]}]}<\/script>\n<!-- \/ Yoast SEO plugin. -->","yoast_head_json":{"title":"Raven Black Fossil A09V50 &#8212; Scar &amp; Wonder","description":"Unique Raven Black Fossil (A09V50) made of Oak Stump, Dimensions 30u00d716 (cm).","robots":{"index":"index","follow":"follow","max-snippet":"max-snippet:-1","max-image-preview":"max-image-preview:large","max-video-preview":"max-video-preview:-1"},"canonical":"https:\/\/scarandwonder.com\/pl\/shop\/vanguard\/raven-black-fossil-a09v50\/","og_locale":"pl_PL","og_type":"article","og_title":"Raven Black Fossil A09V50 &#8212; Scar &amp; Wonder","og_description":"Unique Raven Black Fossil (A09V50) made of Oak Stump, Dimensions 30u00d716 (cm).","og_url":"https:\/\/scarandwonder.com\/pl\/shop\/vanguard\/raven-black-fossil-a09v50\/","og_site_name":"Scar &amp; Wonder","article_publisher":"https:\/\/pl.pinterest.com\/scarandwonder\/","article_modified_time":"2026-01-01T10:31:41+00:00","og_image":[{"width":1920,"height":1280,"url":"https:\/\/scarandwonder.com\/wp-content\/uploads\/2025\/10\/SW-023-A10V50.jpg","type":"image\/jpeg"}],"twitter_card":"summary_large_image","twitter_misc":{"Szacowany czas czytania":"3 minuty"},"schema":{"@context":"https:\/\/schema.org","@graph":[{"@type":"WebPage","@id":"https:\/\/scarandwonder.com\/shop\/vanguard\/raven-black-fossil-a09v50","url":"https:\/\/scarandwonder.com\/shop\/vanguard\/raven-black-fossil-a09v50","name":"Raven Black Fossil A09V50 &#8212; Scar &amp; Wonder","isPartOf":{"@id":"https:\/\/scarandwonder.com\/#website"},"primaryImageOfPage":{"@id":"https:\/\/scarandwonder.com\/shop\/vanguard\/raven-black-fossil-a09v50#primaryimage"},"image":{"@id":"https:\/\/scarandwonder.com\/shop\/vanguard\/raven-black-fossil-a09v50#primaryimage"},"thumbnailUrl":"https:\/\/scarandwonder.com\/wp-content\/uploads\/2025\/10\/SW-023-A10V50.jpg","datePublished":"2025-10-22T16:24:07+00:00","dateModified":"2026-01-01T10:31:41+00:00","description":"Unique Raven Black Fossil (A09V50) made of Oak Stump, Dimensions 30u00d716 (cm).","breadcrumb":{"@id":"https:\/\/scarandwonder.com\/shop\/vanguard\/raven-black-fossil-a09v50#breadcrumb"},"inLanguage":"pl-PL","potentialAction":[{"@type":"ReadAction","target":["https:\/\/scarandwonder.com\/shop\/vanguard\/raven-black-fossil-a09v50"]}]},{"@type":"ImageObject","inLanguage":"pl-PL","@id":"https:\/\/scarandwonder.com\/shop\/vanguard\/raven-black-fossil-a09v50#primaryimage","url":"https:\/\/scarandwonder.com\/wp-content\/uploads\/2025\/10\/SW-023-A10V50.jpg","contentUrl":"https:\/\/scarandwonder.com\/wp-content\/uploads\/2025\/10\/SW-023-A10V50.jpg","width":1920,"height":1280},{"@type":"BreadcrumbList","@id":"https:\/\/scarandwonder.com\/shop\/vanguard\/raven-black-fossil-a09v50#breadcrumb","itemListElement":[{"@type":"ListItem","position":1,"name":"Home","item":"https:\/\/scarandwonder.com\/"},{"@type":"ListItem","position":2,"name":"Objects","item":"https:\/\/scarandwonder.com\/objects"},{"@type":"ListItem","position":3,"name":"Raven Black Fossil A09V50"}]},{"@type":"WebSite","@id":"https:\/\/scarandwonder.com\/#website","url":"https:\/\/scarandwonder.com\/","name":"Scar & Wonder","description":"Scar marks our wood. Wonder shapes its soul.","publisher":{"@id":"https:\/\/scarandwonder.com\/#organization"},"alternateName":"S&W","potentialAction":[{"@type":"SearchAction","target":{"@type":"EntryPoint","urlTemplate":"https:\/\/scarandwonder.com\/?s={search_term_string}"},"query-input":{"@type":"PropertyValueSpecification","valueRequired":true,"valueName":"search_term_string"}}],"inLanguage":"pl-PL"},{"@type":"Organization","@id":"https:\/\/scarandwonder.com\/#organization","name":"Scar & Wonder","alternateName":"S&W","url":"https:\/\/scarandwonder.com\/","logo":{"@type":"ImageObject","inLanguage":"pl-PL","@id":"https:\/\/scarandwonder.com\/#\/schema\/logo\/image\/","url":"https:\/\/scarandwonder.com\/wp-content\/uploads\/2025\/10\/SW_Logo_Black_Circle_L_1024.png","contentUrl":"https:\/\/scarandwonder.com\/wp-content\/uploads\/2025\/10\/SW_Logo_Black_Circle_L_1024.png","width":1024,"height":1024,"caption":"Scar & Wonder"},"image":{"@id":"https:\/\/scarandwonder.com\/#\/schema\/logo\/image\/"},"sameAs":["https:\/\/pl.pinterest.com\/scarandwonder\/"]}]}},"jetpack_sharing_enabled":true,"_links":{"self":[{"href":"https:\/\/scarandwonder.com\/pl\/wp-json\/wp\/v2\/product\/601","targetHints":{"allow":["GET"]}}],"collection":[{"href":"https:\/\/scarandwonder.com\/pl\/wp-json\/wp\/v2\/product"}],"about":[{"href":"https:\/\/scarandwonder.com\/pl\/wp-json\/wp\/v2\/types\/product"}],"version-history":[{"count":4,"href":"https:\/\/scarandwonder.com\/pl\/wp-json\/wp\/v2\/product\/601\/revisions"}],"predecessor-version":[{"id":2819,"href":"https:\/\/scarandwonder.com\/pl\/wp-json\/wp\/v2\/product\/601\/revisions\/2819"}],"wp:featuredmedia":[{"embeddable":true,"href":"https:\/\/scarandwonder.com\/pl\/wp-json\/wp\/v2\/media\/1082"}],"wp:attachment":[{"href":"https:\/\/scarandwonder.com\/pl\/wp-json\/wp\/v2\/media?parent=601"}],"wp:term":[{"taxonomy":"product_brand","embeddable":true,"href":"https:\/\/scarandwonder.com\/pl\/wp-json\/wp\/v2\/product_brand?post=601"},{"taxonomy":"product_cat","embeddable":true,"href":"https:\/\/scarandwonder.com\/pl\/wp-json\/wp\/v2\/product_cat?post=601"},{"taxonomy":"product_tag","embeddable":true,"href":"https:\/\/scarandwonder.com\/pl\/wp-json\/wp\/v2\/product_tag?post=601"}],"curies":[{"name":"wp","href":"https:\/\/api.w.org\/{rel}","templated":true}]}}