{"id":604,"date":"2025-10-22T18:24:08","date_gmt":"2025-10-22T16:24:08","guid":{"rendered":"https:\/\/scarandwonder.com\/?post_type=product&#038;p=604"},"modified":"2026-01-01T11:13:42","modified_gmt":"2026-01-01T10:13:42","slug":"raven-black-platter-a10r53","status":"publish","type":"product","link":"https:\/\/scarandwonder.com\/pl\/shop\/resonance\/raven-black-platter-a10r53","title":{"rendered":"Raven Black Platter A10R53"},"content":{"rendered":"<p><br \/><br \/>Kruczoczarna patera z kolekcji Resonance, wykonana r\u0119cznie z wspania\u0142ego pnia d\u0119bowego, kt\u00f3ry wed\u0142ug naszych szacunk\u00f3w zasadzono w 1918 roku \u2013 dok\u0142adnie w roku, gdy Polska odzyska\u0142a suwerenno\u015b\u0107. Jej okr\u0105g\u0142y, p\u0142ytki kszta\u0142t miski intryguje mi\u0119kkimi krzywiznami, a kruczoczarny kolor zawdzi\u0119cza paleniu i czernieniu prastarymi metodami \u2013 wyraz ponadczasowo\u015bci i wyra\u017any statement, m\u00f3wi\u0105cy tyle o wn\u0119trzu, w kt\u00f3rym zago\u015bci, co o jego nowym w\u0142a\u015bcicielu. Mo\u017ce stanowi\u0107 zdecydowany akcent we wn\u0119trzu \u2013 jako dzie\u0142o sztuki bez funkcji, ale pe\u0142ne sensu, lub podkre\u015bli\u0107 wa\u017cne dla Ciebie przedmioty: bi\u017cuteri\u0119, literatur\u0119 czy dobr\u0105 butelk\u0119 wina \u2013 na stolikach kawowych, konsolach czy bocznych szafkach, tworz\u0105c ciekawe, inspiruj\u0105ce sceny.<\/p>\n<p>Kolekcja Resonance to nasza \u015brednia p\u00f3\u0142ka pomi\u0119dzy codzienno\u015bci\u0105 i funkcjonalno\u015bci\u0105 kolekcji Journey a bezkompromisow\u0105 odwag\u0105 kolekcji Vanguard. To po\u0142\u0105czenie nieobowi\u0105zkowej funkcjonalno\u015bci z odrobin\u0105 rze\u017abiarskiej formy.<\/p>\n<p>W Scar &amp; Wonder pracujemy z drewnem porzuconym i odzyskanym. Ka\u017cdy fragment to odkrywanie nowych tajemnic, to nieprzewidywalno\u015b\u0107 wp\u0142ywaj\u0105ca na form\u0119 oraz niepowtarzalne skazy pe\u0142ne uroku \u2013 p\u0119kni\u0119cia, ubytki, wykr\u0119cenia i tekstury. Ka\u017cdy z obiekt\u00f3w Scar &amp; Wonder jest unikalny \u2013 istnieje tylko jeden i jest opatrzony swoj\u0105 indywidualn\u0105, r\u0119cznie wybitym sygnatur\u0105. Przejmuj\u0105c w opiek\u0119 obiekty Scar &amp; Wonder opowiadasz si\u0119 przeciwko bezrefleksyjnej konsumpcji, g\u0142osuj\u0105c za \u015bwiatem, gdzie trwa\u0142o\u015b\u0107 i sens s\u0105 istotniejsze ni\u017c blichtr czy ulotny powiew nowo\u015bci dyktowany chwilowo wylansowan\u0105 mod\u0105.<br \/><\/p>","protected":false},"excerpt":{"rendered":"<p>Raven Black Platter A10R53, Oak, Diameter: 41, Height: 12<\/p>","protected":false},"featured_media":945,"template":"","meta":[],"product_brand":[],"product_cat":[102,19],"product_tag":[],"class_list":{"0":"post-604","1":"product","2":"type-product","3":"status-publish","4":"has-post-thumbnail","6":"product_cat-featured","7":"product_cat-resonance","8":"pa_diameter-62","9":"pa_wood-oak","11":"first","12":"instock","13":"sold-individually","14":"taxable","15":"shipping-taxable","16":"purchasable","17":"product-type-simple"},"yoast_head":"<!-- This site is optimized with the Yoast SEO plugin v27.4 - https:\/\/yoast.com\/product\/yoast-seo-wordpress\/ -->\n<title>Raven Black Platter A10R53 &#8212; Scar &amp; Wonder<\/title>\n<meta name=\"description\" content=\"Unique Raven Black Platter (A10R53) made of Oak Log, Dimensions 41u00d712 (cm).\" \/>\n<meta name=\"robots\" content=\"index, follow, max-snippet:-1, max-image-preview:large, max-video-preview:-1\" \/>\n<link rel=\"canonical\" href=\"https:\/\/scarandwonder.com\/pl\/shop\/resonance\/raven-black-platter-a10r53\/\" \/>\n<meta property=\"og:locale\" content=\"pl_PL\" \/>\n<meta property=\"og:type\" content=\"article\" \/>\n<meta property=\"og:title\" content=\"Raven Black Platter A10R53 &#8212; Scar &amp; Wonder\" \/>\n<meta property=\"og:description\" content=\"Unique Raven Black Platter (A10R53) made of Oak Log, Dimensions 41u00d712 (cm).\" \/>\n<meta property=\"og:url\" content=\"https:\/\/scarandwonder.com\/pl\/shop\/resonance\/raven-black-platter-a10r53\/\" \/>\n<meta property=\"og:site_name\" content=\"Scar &amp; Wonder\" \/>\n<meta property=\"article:publisher\" content=\"https:\/\/pl.pinterest.com\/scarandwonder\/\" \/>\n<meta property=\"article:modified_time\" content=\"2026-01-01T10:13:42+00:00\" \/>\n<meta property=\"og:image\" content=\"https:\/\/scarandwonder.com\/wp-content\/uploads\/2025\/10\/ScarAndWonder_Raven_Platter_02_20250922-53-A10R53.jpg\" \/>\n\t<meta property=\"og:image:width\" content=\"1920\" \/>\n\t<meta property=\"og:image:height\" content=\"1280\" \/>\n\t<meta property=\"og:image:type\" content=\"image\/jpeg\" \/>\n<meta name=\"twitter:card\" content=\"summary_large_image\" \/>\n<meta name=\"twitter:label1\" content=\"Szacowany czas czytania\" \/>\n\t<meta name=\"twitter:data1\" content=\"3 minuty\" \/>\n<script type=\"application\/ld+json\" class=\"yoast-schema-graph\">{\"@context\":\"https:\\\/\\\/schema.org\",\"@graph\":[{\"@type\":\"WebPage\",\"@id\":\"https:\\\/\\\/scarandwonder.com\\\/shop\\\/resonance\\\/raven-black-platter-a10r53\",\"url\":\"https:\\\/\\\/scarandwonder.com\\\/shop\\\/resonance\\\/raven-black-platter-a10r53\",\"name\":\"Raven Black Platter A10R53 &#8212; Scar &amp; Wonder\",\"isPartOf\":{\"@id\":\"https:\\\/\\\/scarandwonder.com\\\/#website\"},\"primaryImageOfPage\":{\"@id\":\"https:\\\/\\\/scarandwonder.com\\\/shop\\\/resonance\\\/raven-black-platter-a10r53#primaryimage\"},\"image\":{\"@id\":\"https:\\\/\\\/scarandwonder.com\\\/shop\\\/resonance\\\/raven-black-platter-a10r53#primaryimage\"},\"thumbnailUrl\":\"https:\\\/\\\/scarandwonder.com\\\/wp-content\\\/uploads\\\/2025\\\/10\\\/ScarAndWonder_Raven_Platter_02_20250922-53-A10R53.jpg\",\"datePublished\":\"2025-10-22T16:24:08+00:00\",\"dateModified\":\"2026-01-01T10:13:42+00:00\",\"description\":\"Unique Raven Black Platter (A10R53) made of Oak Log, Dimensions 41u00d712 (cm).\",\"breadcrumb\":{\"@id\":\"https:\\\/\\\/scarandwonder.com\\\/shop\\\/resonance\\\/raven-black-platter-a10r53#breadcrumb\"},\"inLanguage\":\"pl-PL\",\"potentialAction\":[{\"@type\":\"ReadAction\",\"target\":[\"https:\\\/\\\/scarandwonder.com\\\/shop\\\/resonance\\\/raven-black-platter-a10r53\"]}]},{\"@type\":\"ImageObject\",\"inLanguage\":\"pl-PL\",\"@id\":\"https:\\\/\\\/scarandwonder.com\\\/shop\\\/resonance\\\/raven-black-platter-a10r53#primaryimage\",\"url\":\"https:\\\/\\\/scarandwonder.com\\\/wp-content\\\/uploads\\\/2025\\\/10\\\/ScarAndWonder_Raven_Platter_02_20250922-53-A10R53.jpg\",\"contentUrl\":\"https:\\\/\\\/scarandwonder.com\\\/wp-content\\\/uploads\\\/2025\\\/10\\\/ScarAndWonder_Raven_Platter_02_20250922-53-A10R53.jpg\",\"width\":1920,\"height\":1280},{\"@type\":\"BreadcrumbList\",\"@id\":\"https:\\\/\\\/scarandwonder.com\\\/shop\\\/resonance\\\/raven-black-platter-a10r53#breadcrumb\",\"itemListElement\":[{\"@type\":\"ListItem\",\"position\":1,\"name\":\"Home\",\"item\":\"https:\\\/\\\/scarandwonder.com\\\/\"},{\"@type\":\"ListItem\",\"position\":2,\"name\":\"Objects\",\"item\":\"https:\\\/\\\/scarandwonder.com\\\/objects\"},{\"@type\":\"ListItem\",\"position\":3,\"name\":\"Raven Black Platter A10R53\"}]},{\"@type\":\"WebSite\",\"@id\":\"https:\\\/\\\/scarandwonder.com\\\/#website\",\"url\":\"https:\\\/\\\/scarandwonder.com\\\/\",\"name\":\"Scar & Wonder\",\"description\":\"Scar marks our wood. Wonder shapes its soul.\",\"publisher\":{\"@id\":\"https:\\\/\\\/scarandwonder.com\\\/#organization\"},\"alternateName\":\"S&W\",\"potentialAction\":[{\"@type\":\"SearchAction\",\"target\":{\"@type\":\"EntryPoint\",\"urlTemplate\":\"https:\\\/\\\/scarandwonder.com\\\/?s={search_term_string}\"},\"query-input\":{\"@type\":\"PropertyValueSpecification\",\"valueRequired\":true,\"valueName\":\"search_term_string\"}}],\"inLanguage\":\"pl-PL\"},{\"@type\":\"Organization\",\"@id\":\"https:\\\/\\\/scarandwonder.com\\\/#organization\",\"name\":\"Scar & Wonder\",\"alternateName\":\"S&W\",\"url\":\"https:\\\/\\\/scarandwonder.com\\\/\",\"logo\":{\"@type\":\"ImageObject\",\"inLanguage\":\"pl-PL\",\"@id\":\"https:\\\/\\\/scarandwonder.com\\\/#\\\/schema\\\/logo\\\/image\\\/\",\"url\":\"https:\\\/\\\/scarandwonder.com\\\/wp-content\\\/uploads\\\/2025\\\/10\\\/SW_Logo_Black_Circle_L_1024.png\",\"contentUrl\":\"https:\\\/\\\/scarandwonder.com\\\/wp-content\\\/uploads\\\/2025\\\/10\\\/SW_Logo_Black_Circle_L_1024.png\",\"width\":1024,\"height\":1024,\"caption\":\"Scar & Wonder\"},\"image\":{\"@id\":\"https:\\\/\\\/scarandwonder.com\\\/#\\\/schema\\\/logo\\\/image\\\/\"},\"sameAs\":[\"https:\\\/\\\/pl.pinterest.com\\\/scarandwonder\\\/\"]}]}<\/script>\n<!-- \/ Yoast SEO plugin. -->","yoast_head_json":{"title":"Raven Black Platter A10R53 &#8212; Scar &amp; Wonder","description":"Unique Raven Black Platter (A10R53) made of Oak Log, Dimensions 41u00d712 (cm).","robots":{"index":"index","follow":"follow","max-snippet":"max-snippet:-1","max-image-preview":"max-image-preview:large","max-video-preview":"max-video-preview:-1"},"canonical":"https:\/\/scarandwonder.com\/pl\/shop\/resonance\/raven-black-platter-a10r53\/","og_locale":"pl_PL","og_type":"article","og_title":"Raven Black Platter A10R53 &#8212; Scar &amp; Wonder","og_description":"Unique Raven Black Platter (A10R53) made of Oak Log, Dimensions 41u00d712 (cm).","og_url":"https:\/\/scarandwonder.com\/pl\/shop\/resonance\/raven-black-platter-a10r53\/","og_site_name":"Scar &amp; Wonder","article_publisher":"https:\/\/pl.pinterest.com\/scarandwonder\/","article_modified_time":"2026-01-01T10:13:42+00:00","og_image":[{"width":1920,"height":1280,"url":"https:\/\/scarandwonder.com\/wp-content\/uploads\/2025\/10\/ScarAndWonder_Raven_Platter_02_20250922-53-A10R53.jpg","type":"image\/jpeg"}],"twitter_card":"summary_large_image","twitter_misc":{"Szacowany czas czytania":"3 minuty"},"schema":{"@context":"https:\/\/schema.org","@graph":[{"@type":"WebPage","@id":"https:\/\/scarandwonder.com\/shop\/resonance\/raven-black-platter-a10r53","url":"https:\/\/scarandwonder.com\/shop\/resonance\/raven-black-platter-a10r53","name":"Raven Black Platter A10R53 &#8212; Scar &amp; Wonder","isPartOf":{"@id":"https:\/\/scarandwonder.com\/#website"},"primaryImageOfPage":{"@id":"https:\/\/scarandwonder.com\/shop\/resonance\/raven-black-platter-a10r53#primaryimage"},"image":{"@id":"https:\/\/scarandwonder.com\/shop\/resonance\/raven-black-platter-a10r53#primaryimage"},"thumbnailUrl":"https:\/\/scarandwonder.com\/wp-content\/uploads\/2025\/10\/ScarAndWonder_Raven_Platter_02_20250922-53-A10R53.jpg","datePublished":"2025-10-22T16:24:08+00:00","dateModified":"2026-01-01T10:13:42+00:00","description":"Unique Raven Black Platter (A10R53) made of Oak Log, Dimensions 41u00d712 (cm).","breadcrumb":{"@id":"https:\/\/scarandwonder.com\/shop\/resonance\/raven-black-platter-a10r53#breadcrumb"},"inLanguage":"pl-PL","potentialAction":[{"@type":"ReadAction","target":["https:\/\/scarandwonder.com\/shop\/resonance\/raven-black-platter-a10r53"]}]},{"@type":"ImageObject","inLanguage":"pl-PL","@id":"https:\/\/scarandwonder.com\/shop\/resonance\/raven-black-platter-a10r53#primaryimage","url":"https:\/\/scarandwonder.com\/wp-content\/uploads\/2025\/10\/ScarAndWonder_Raven_Platter_02_20250922-53-A10R53.jpg","contentUrl":"https:\/\/scarandwonder.com\/wp-content\/uploads\/2025\/10\/ScarAndWonder_Raven_Platter_02_20250922-53-A10R53.jpg","width":1920,"height":1280},{"@type":"BreadcrumbList","@id":"https:\/\/scarandwonder.com\/shop\/resonance\/raven-black-platter-a10r53#breadcrumb","itemListElement":[{"@type":"ListItem","position":1,"name":"Home","item":"https:\/\/scarandwonder.com\/"},{"@type":"ListItem","position":2,"name":"Objects","item":"https:\/\/scarandwonder.com\/objects"},{"@type":"ListItem","position":3,"name":"Raven Black Platter A10R53"}]},{"@type":"WebSite","@id":"https:\/\/scarandwonder.com\/#website","url":"https:\/\/scarandwonder.com\/","name":"Scar & Wonder","description":"Scar marks our wood. Wonder shapes its soul.","publisher":{"@id":"https:\/\/scarandwonder.com\/#organization"},"alternateName":"S&W","potentialAction":[{"@type":"SearchAction","target":{"@type":"EntryPoint","urlTemplate":"https:\/\/scarandwonder.com\/?s={search_term_string}"},"query-input":{"@type":"PropertyValueSpecification","valueRequired":true,"valueName":"search_term_string"}}],"inLanguage":"pl-PL"},{"@type":"Organization","@id":"https:\/\/scarandwonder.com\/#organization","name":"Scar & Wonder","alternateName":"S&W","url":"https:\/\/scarandwonder.com\/","logo":{"@type":"ImageObject","inLanguage":"pl-PL","@id":"https:\/\/scarandwonder.com\/#\/schema\/logo\/image\/","url":"https:\/\/scarandwonder.com\/wp-content\/uploads\/2025\/10\/SW_Logo_Black_Circle_L_1024.png","contentUrl":"https:\/\/scarandwonder.com\/wp-content\/uploads\/2025\/10\/SW_Logo_Black_Circle_L_1024.png","width":1024,"height":1024,"caption":"Scar & Wonder"},"image":{"@id":"https:\/\/scarandwonder.com\/#\/schema\/logo\/image\/"},"sameAs":["https:\/\/pl.pinterest.com\/scarandwonder\/"]}]}},"jetpack_sharing_enabled":true,"_links":{"self":[{"href":"https:\/\/scarandwonder.com\/pl\/wp-json\/wp\/v2\/product\/604","targetHints":{"allow":["GET"]}}],"collection":[{"href":"https:\/\/scarandwonder.com\/pl\/wp-json\/wp\/v2\/product"}],"about":[{"href":"https:\/\/scarandwonder.com\/pl\/wp-json\/wp\/v2\/types\/product"}],"version-history":[{"count":5,"href":"https:\/\/scarandwonder.com\/pl\/wp-json\/wp\/v2\/product\/604\/revisions"}],"predecessor-version":[{"id":2817,"href":"https:\/\/scarandwonder.com\/pl\/wp-json\/wp\/v2\/product\/604\/revisions\/2817"}],"wp:featuredmedia":[{"embeddable":true,"href":"https:\/\/scarandwonder.com\/pl\/wp-json\/wp\/v2\/media\/945"}],"wp:attachment":[{"href":"https:\/\/scarandwonder.com\/pl\/wp-json\/wp\/v2\/media?parent=604"}],"wp:term":[{"taxonomy":"product_brand","embeddable":true,"href":"https:\/\/scarandwonder.com\/pl\/wp-json\/wp\/v2\/product_brand?post=604"},{"taxonomy":"product_cat","embeddable":true,"href":"https:\/\/scarandwonder.com\/pl\/wp-json\/wp\/v2\/product_cat?post=604"},{"taxonomy":"product_tag","embeddable":true,"href":"https:\/\/scarandwonder.com\/pl\/wp-json\/wp\/v2\/product_tag?post=604"}],"curies":[{"name":"wp","href":"https:\/\/api.w.org\/{rel}","templated":true}]}}