{"id":663,"date":"2025-10-22T18:24:17","date_gmt":"2025-10-22T16:24:17","guid":{"rendered":"https:\/\/scarandwonder.com\/?post_type=product&#038;p=663"},"modified":"2025-12-31T20:15:18","modified_gmt":"2025-12-31T19:15:18","slug":"cognac-bowl-a10v82","status":"publish","type":"product","link":"https:\/\/scarandwonder.com\/pl\/shop\/vanguard\/cognac-bowl-a10v82","title":{"rendered":"The Cognac Bowl A10V82"},"content":{"rendered":"<p><br \/><br \/>\u201eThe Cognac Bowl\u201d z kolekcji Vanguard wy\u0142ania si\u0119 z ob\u0142\u0119dnego pnia d\u0119bowego, prawdopodobnie posadzonego w 1918 roku \u2013 w chwili, gdy Polska odzyska\u0142a niepodleg\u0142o\u015b\u0107 \u2013 r\u0119cznie wytoczony w cebrzykowate naczynie o \u015brednicy 45 cm. Przez wiele miesi\u0119cy nale\u017ca\u0142 do naszych najwi\u0119kszych dzie\u0142, upokarzaj\u0105c nas swoj\u0105 skal\u0105 wobec naszych \u00f3wczesnych narz\u0119dzi i umiej\u0119tno\u015bci. Jej koniakowy odcie\u0144 przechodzi od g\u0142\u0119bokiego br\u0105zu w miejsca atramentowej czerni. To kolorystyczna alchemia szepcz\u0105ca o cierpliwym rze\u017abieniu s\u0142oj\u00f3w przez czasy zmaga\u0144 i triumf\u00f3w. To ponadczasowa rze\u017aba lub scena dla skarb\u00f3w codziennego \u017cycia.<\/p>\n<p>W Scar &amp; Wonder pracujemy z drewnem porzuconym i odzyskanym. Ka\u017cdy fragment to odkrywanie nowych tajemnic, to nieprzewidywalno\u015b\u0107 wp\u0142ywaj\u0105ca na form\u0119 oraz niepowtarzalne skazy \u2014 pe\u0142ne uroku p\u0119kni\u0119cia, ubytki, wykr\u0119cenia i tekstury. Ka\u017cdy z obiekt\u00f3w Scar &amp; Wonder jest unikalny \u2014 istnieje tylko jeden i jest opatrzony swoj\u0105 indywidualn\u0105, r\u0119cznie wybit\u0105 sygnatur\u0105. Do ka\u017cdego obiektu z kolekcji Vanguard otrzymasz niepowtarzaln\u0105 Ksi\u0119g\u0119 Pochodzenia, kt\u00f3ra dokumentuje jego histori\u0119 \u2014 od drewna z kt\u00f3rego powsta\u0142, poprzez proces, a\u017c po detale wyko\u0144czenia. Ta ksi\u0119ga to pocz\u0105tek nowego \u017cycia \u2014 miejsce, w kt\u00f3rym Ty wyrazisz intencj\u0119 przejmuj\u0105c nad nim opiek\u0119, a tak\u017ce gdzie dopiszesz kolejne rozdzia\u0142y, nadaj\u0105c mu sens. W ten spos\u00f3b wsp\u00f3lnie budujemy warto\u015b\u0107 \u2014 sentymentaln\u0105, emocjonaln\u0105 i finansow\u0105, opowiadaj\u0105c si\u0119 przeciwko bezrefleksyjnej konsumpcji, a g\u0142osuj\u0105c za \u015bwiatem, gdzie trwa\u0142o\u015b\u0107 i sens s\u0105 istotniejsze ni\u017c blichtr czy ulotny powiew nowo\u015bci dyktowany w\u0142a\u015bnie wylansowan\u0105 mod\u0105.<br \/><\/p>","protected":false},"excerpt":{"rendered":"<p>&#8220;The Cognac Bowl&#8221; A10V82, Oak, Diameter: 45, Height: 25<\/p>","protected":false},"featured_media":2588,"template":"","meta":[],"product_brand":[],"product_cat":[30],"product_tag":[],"class_list":{"0":"post-663","1":"product","2":"type-product","3":"status-publish","4":"has-post-thumbnail","6":"product_cat-vanguard","7":"pa_diameter-65","8":"pa_wood-oak","10":"first","11":"instock","12":"featured","13":"sold-individually","14":"taxable","15":"shipping-taxable","16":"purchasable","17":"product-type-simple"},"yoast_head":"<!-- This site is optimized with the Yoast SEO plugin v27.4 - https:\/\/yoast.com\/product\/yoast-seo-wordpress\/ -->\n<title>The Cognac Bowl A10V82 &#8212; Scar &amp; Wonder<\/title>\n<meta name=\"description\" content=\"Unique &quot;cognak Bowl&quot; (A10V82) made of Oak Log, Dimensions 45u00d725 (cm).\" \/>\n<meta name=\"robots\" content=\"index, follow, max-snippet:-1, max-image-preview:large, max-video-preview:-1\" \/>\n<link rel=\"canonical\" href=\"https:\/\/scarandwonder.com\/pl\/shop\/vanguard\/cognac-bowl-a10v82\/\" \/>\n<meta property=\"og:locale\" content=\"pl_PL\" \/>\n<meta property=\"og:type\" content=\"article\" \/>\n<meta property=\"og:title\" content=\"The Cognac Bowl A10V82 &#8212; Scar &amp; Wonder\" \/>\n<meta property=\"og:description\" content=\"Unique &quot;cognak Bowl&quot; (A10V82) made of Oak Log, Dimensions 45u00d725 (cm).\" \/>\n<meta property=\"og:url\" content=\"https:\/\/scarandwonder.com\/pl\/shop\/vanguard\/cognac-bowl-a10v82\/\" \/>\n<meta property=\"og:site_name\" content=\"Scar &amp; Wonder\" \/>\n<meta property=\"article:publisher\" content=\"https:\/\/pl.pinterest.com\/scarandwonder\/\" \/>\n<meta property=\"article:modified_time\" content=\"2025-12-31T19:15:18+00:00\" \/>\n<meta property=\"og:image\" content=\"https:\/\/scarandwonder.com\/wp-content\/uploads\/2025\/12\/A10V82-20251214_studio_Y4A0199.jpg\" \/>\n\t<meta property=\"og:image:width\" content=\"1920\" \/>\n\t<meta property=\"og:image:height\" content=\"1280\" \/>\n\t<meta property=\"og:image:type\" content=\"image\/jpeg\" \/>\n<meta name=\"twitter:card\" content=\"summary_large_image\" \/>\n<meta name=\"twitter:label1\" content=\"Szacowany czas czytania\" \/>\n\t<meta name=\"twitter:data1\" content=\"3 minuty\" \/>\n<script type=\"application\/ld+json\" class=\"yoast-schema-graph\">{\"@context\":\"https:\\\/\\\/schema.org\",\"@graph\":[{\"@type\":\"WebPage\",\"@id\":\"https:\\\/\\\/scarandwonder.com\\\/shop\\\/vanguard\\\/cognac-bowl-a10v82\",\"url\":\"https:\\\/\\\/scarandwonder.com\\\/shop\\\/vanguard\\\/cognac-bowl-a10v82\",\"name\":\"The Cognac Bowl A10V82 &#8212; Scar &amp; Wonder\",\"isPartOf\":{\"@id\":\"https:\\\/\\\/scarandwonder.com\\\/#website\"},\"primaryImageOfPage\":{\"@id\":\"https:\\\/\\\/scarandwonder.com\\\/shop\\\/vanguard\\\/cognac-bowl-a10v82#primaryimage\"},\"image\":{\"@id\":\"https:\\\/\\\/scarandwonder.com\\\/shop\\\/vanguard\\\/cognac-bowl-a10v82#primaryimage\"},\"thumbnailUrl\":\"https:\\\/\\\/scarandwonder.com\\\/wp-content\\\/uploads\\\/2025\\\/12\\\/A10V82-20251214_studio_Y4A0199.jpg\",\"datePublished\":\"2025-10-22T16:24:17+00:00\",\"dateModified\":\"2025-12-31T19:15:18+00:00\",\"description\":\"Unique \\\"cognak Bowl\\\" (A10V82) made of Oak Log, Dimensions 45u00d725 (cm).\",\"breadcrumb\":{\"@id\":\"https:\\\/\\\/scarandwonder.com\\\/shop\\\/vanguard\\\/cognac-bowl-a10v82#breadcrumb\"},\"inLanguage\":\"pl-PL\",\"potentialAction\":[{\"@type\":\"ReadAction\",\"target\":[\"https:\\\/\\\/scarandwonder.com\\\/shop\\\/vanguard\\\/cognac-bowl-a10v82\"]}]},{\"@type\":\"ImageObject\",\"inLanguage\":\"pl-PL\",\"@id\":\"https:\\\/\\\/scarandwonder.com\\\/shop\\\/vanguard\\\/cognac-bowl-a10v82#primaryimage\",\"url\":\"https:\\\/\\\/scarandwonder.com\\\/wp-content\\\/uploads\\\/2025\\\/12\\\/A10V82-20251214_studio_Y4A0199.jpg\",\"contentUrl\":\"https:\\\/\\\/scarandwonder.com\\\/wp-content\\\/uploads\\\/2025\\\/12\\\/A10V82-20251214_studio_Y4A0199.jpg\",\"width\":1920,\"height\":1280},{\"@type\":\"BreadcrumbList\",\"@id\":\"https:\\\/\\\/scarandwonder.com\\\/shop\\\/vanguard\\\/cognac-bowl-a10v82#breadcrumb\",\"itemListElement\":[{\"@type\":\"ListItem\",\"position\":1,\"name\":\"Home\",\"item\":\"https:\\\/\\\/scarandwonder.com\\\/\"},{\"@type\":\"ListItem\",\"position\":2,\"name\":\"Objects\",\"item\":\"https:\\\/\\\/scarandwonder.com\\\/objects\"},{\"@type\":\"ListItem\",\"position\":3,\"name\":\"The Cognac Bowl A10V82\"}]},{\"@type\":\"WebSite\",\"@id\":\"https:\\\/\\\/scarandwonder.com\\\/#website\",\"url\":\"https:\\\/\\\/scarandwonder.com\\\/\",\"name\":\"Scar & Wonder\",\"description\":\"Scar marks our wood. Wonder shapes its soul.\",\"publisher\":{\"@id\":\"https:\\\/\\\/scarandwonder.com\\\/#organization\"},\"alternateName\":\"S&W\",\"potentialAction\":[{\"@type\":\"SearchAction\",\"target\":{\"@type\":\"EntryPoint\",\"urlTemplate\":\"https:\\\/\\\/scarandwonder.com\\\/?s={search_term_string}\"},\"query-input\":{\"@type\":\"PropertyValueSpecification\",\"valueRequired\":true,\"valueName\":\"search_term_string\"}}],\"inLanguage\":\"pl-PL\"},{\"@type\":\"Organization\",\"@id\":\"https:\\\/\\\/scarandwonder.com\\\/#organization\",\"name\":\"Scar & Wonder\",\"alternateName\":\"S&W\",\"url\":\"https:\\\/\\\/scarandwonder.com\\\/\",\"logo\":{\"@type\":\"ImageObject\",\"inLanguage\":\"pl-PL\",\"@id\":\"https:\\\/\\\/scarandwonder.com\\\/#\\\/schema\\\/logo\\\/image\\\/\",\"url\":\"https:\\\/\\\/scarandwonder.com\\\/wp-content\\\/uploads\\\/2025\\\/10\\\/SW_Logo_Black_Circle_L_1024.png\",\"contentUrl\":\"https:\\\/\\\/scarandwonder.com\\\/wp-content\\\/uploads\\\/2025\\\/10\\\/SW_Logo_Black_Circle_L_1024.png\",\"width\":1024,\"height\":1024,\"caption\":\"Scar & Wonder\"},\"image\":{\"@id\":\"https:\\\/\\\/scarandwonder.com\\\/#\\\/schema\\\/logo\\\/image\\\/\"},\"sameAs\":[\"https:\\\/\\\/pl.pinterest.com\\\/scarandwonder\\\/\"]}]}<\/script>\n<!-- \/ Yoast SEO plugin. -->","yoast_head_json":{"title":"The Cognac Bowl A10V82 &#8212; Scar &amp; Wonder","description":"Unique \"cognak Bowl\" (A10V82) made of Oak Log, Dimensions 45u00d725 (cm).","robots":{"index":"index","follow":"follow","max-snippet":"max-snippet:-1","max-image-preview":"max-image-preview:large","max-video-preview":"max-video-preview:-1"},"canonical":"https:\/\/scarandwonder.com\/pl\/shop\/vanguard\/cognac-bowl-a10v82\/","og_locale":"pl_PL","og_type":"article","og_title":"The Cognac Bowl A10V82 &#8212; Scar &amp; Wonder","og_description":"Unique \"cognak Bowl\" (A10V82) made of Oak Log, Dimensions 45u00d725 (cm).","og_url":"https:\/\/scarandwonder.com\/pl\/shop\/vanguard\/cognac-bowl-a10v82\/","og_site_name":"Scar &amp; Wonder","article_publisher":"https:\/\/pl.pinterest.com\/scarandwonder\/","article_modified_time":"2025-12-31T19:15:18+00:00","og_image":[{"width":1920,"height":1280,"url":"https:\/\/scarandwonder.com\/wp-content\/uploads\/2025\/12\/A10V82-20251214_studio_Y4A0199.jpg","type":"image\/jpeg"}],"twitter_card":"summary_large_image","twitter_misc":{"Szacowany czas czytania":"3 minuty"},"schema":{"@context":"https:\/\/schema.org","@graph":[{"@type":"WebPage","@id":"https:\/\/scarandwonder.com\/shop\/vanguard\/cognac-bowl-a10v82","url":"https:\/\/scarandwonder.com\/shop\/vanguard\/cognac-bowl-a10v82","name":"The Cognac Bowl A10V82 &#8212; Scar &amp; Wonder","isPartOf":{"@id":"https:\/\/scarandwonder.com\/#website"},"primaryImageOfPage":{"@id":"https:\/\/scarandwonder.com\/shop\/vanguard\/cognac-bowl-a10v82#primaryimage"},"image":{"@id":"https:\/\/scarandwonder.com\/shop\/vanguard\/cognac-bowl-a10v82#primaryimage"},"thumbnailUrl":"https:\/\/scarandwonder.com\/wp-content\/uploads\/2025\/12\/A10V82-20251214_studio_Y4A0199.jpg","datePublished":"2025-10-22T16:24:17+00:00","dateModified":"2025-12-31T19:15:18+00:00","description":"Unique \"cognak Bowl\" (A10V82) made of Oak Log, Dimensions 45u00d725 (cm).","breadcrumb":{"@id":"https:\/\/scarandwonder.com\/shop\/vanguard\/cognac-bowl-a10v82#breadcrumb"},"inLanguage":"pl-PL","potentialAction":[{"@type":"ReadAction","target":["https:\/\/scarandwonder.com\/shop\/vanguard\/cognac-bowl-a10v82"]}]},{"@type":"ImageObject","inLanguage":"pl-PL","@id":"https:\/\/scarandwonder.com\/shop\/vanguard\/cognac-bowl-a10v82#primaryimage","url":"https:\/\/scarandwonder.com\/wp-content\/uploads\/2025\/12\/A10V82-20251214_studio_Y4A0199.jpg","contentUrl":"https:\/\/scarandwonder.com\/wp-content\/uploads\/2025\/12\/A10V82-20251214_studio_Y4A0199.jpg","width":1920,"height":1280},{"@type":"BreadcrumbList","@id":"https:\/\/scarandwonder.com\/shop\/vanguard\/cognac-bowl-a10v82#breadcrumb","itemListElement":[{"@type":"ListItem","position":1,"name":"Home","item":"https:\/\/scarandwonder.com\/"},{"@type":"ListItem","position":2,"name":"Objects","item":"https:\/\/scarandwonder.com\/objects"},{"@type":"ListItem","position":3,"name":"The Cognac Bowl A10V82"}]},{"@type":"WebSite","@id":"https:\/\/scarandwonder.com\/#website","url":"https:\/\/scarandwonder.com\/","name":"Scar & Wonder","description":"Scar marks our wood. Wonder shapes its soul.","publisher":{"@id":"https:\/\/scarandwonder.com\/#organization"},"alternateName":"S&W","potentialAction":[{"@type":"SearchAction","target":{"@type":"EntryPoint","urlTemplate":"https:\/\/scarandwonder.com\/?s={search_term_string}"},"query-input":{"@type":"PropertyValueSpecification","valueRequired":true,"valueName":"search_term_string"}}],"inLanguage":"pl-PL"},{"@type":"Organization","@id":"https:\/\/scarandwonder.com\/#organization","name":"Scar & Wonder","alternateName":"S&W","url":"https:\/\/scarandwonder.com\/","logo":{"@type":"ImageObject","inLanguage":"pl-PL","@id":"https:\/\/scarandwonder.com\/#\/schema\/logo\/image\/","url":"https:\/\/scarandwonder.com\/wp-content\/uploads\/2025\/10\/SW_Logo_Black_Circle_L_1024.png","contentUrl":"https:\/\/scarandwonder.com\/wp-content\/uploads\/2025\/10\/SW_Logo_Black_Circle_L_1024.png","width":1024,"height":1024,"caption":"Scar & Wonder"},"image":{"@id":"https:\/\/scarandwonder.com\/#\/schema\/logo\/image\/"},"sameAs":["https:\/\/pl.pinterest.com\/scarandwonder\/"]}]}},"jetpack_sharing_enabled":true,"_links":{"self":[{"href":"https:\/\/scarandwonder.com\/pl\/wp-json\/wp\/v2\/product\/663","targetHints":{"allow":["GET"]}}],"collection":[{"href":"https:\/\/scarandwonder.com\/pl\/wp-json\/wp\/v2\/product"}],"about":[{"href":"https:\/\/scarandwonder.com\/pl\/wp-json\/wp\/v2\/types\/product"}],"version-history":[{"count":5,"href":"https:\/\/scarandwonder.com\/pl\/wp-json\/wp\/v2\/product\/663\/revisions"}],"predecessor-version":[{"id":2814,"href":"https:\/\/scarandwonder.com\/pl\/wp-json\/wp\/v2\/product\/663\/revisions\/2814"}],"wp:featuredmedia":[{"embeddable":true,"href":"https:\/\/scarandwonder.com\/pl\/wp-json\/wp\/v2\/media\/2588"}],"wp:attachment":[{"href":"https:\/\/scarandwonder.com\/pl\/wp-json\/wp\/v2\/media?parent=663"}],"wp:term":[{"taxonomy":"product_brand","embeddable":true,"href":"https:\/\/scarandwonder.com\/pl\/wp-json\/wp\/v2\/product_brand?post=663"},{"taxonomy":"product_cat","embeddable":true,"href":"https:\/\/scarandwonder.com\/pl\/wp-json\/wp\/v2\/product_cat?post=663"},{"taxonomy":"product_tag","embeddable":true,"href":"https:\/\/scarandwonder.com\/pl\/wp-json\/wp\/v2\/product_tag?post=663"}],"curies":[{"name":"wp","href":"https:\/\/api.w.org\/{rel}","templated":true}]}}